{"id":14175,"date":"2025-02-17T17:56:22","date_gmt":"2025-02-17T15:56:22","guid":{"rendered":"https:\/\/zbranebudai.sk\/product\/kusa-barnett-raptor-fx3-pro\/"},"modified":"2025-09-06T09:55:57","modified_gmt":"2025-09-06T07:55:57","slug":"barnett-raptor-fx3-pro","status":"publish","type":"product","link":"https:\/\/zbranebudai.sk\/hu\/product\/kusa-barnett-raptor-fx3-pro\/","title":{"rendered":"Barnett Raptor FX3 Pro"},"content":{"rendered":"<p>Barnett Raptor FX3 Pro<\/p>\n<p>A PRO v\u00e1ltozat a standard v\u00e1ltozathoz k\u00e9pest abban k\u00fcl\u00f6nb\u00f6zik, hogy hosszabb, \u00edjh\u00fartomp\u00edt\u00f3kkal ell\u00e1tott testet \u00e9s a karok elt\u00e9r\u0151 r\u00f6gz\u00edt\u00e9si sz\u00f6g\u00e9t tartalmazza. A PRO v\u00e1ltozat vastagabb karokkal is rendelkezik a standard v\u00e1ltozathoz k\u00e9pest. A High Energy Cam System csig\u00e1knak k\u00f6sz\u00f6nhet\u0151en a ny\u00edlpuska 160 kil\u00f3s er\u0151t fejt ki, ami a kil\u0151tt ny\u00edlvessz\u0151 hat\u00e9konys\u00e1g\u00e1ban is megmutatkozik, amely ak\u00e1r 417 km\/h sebess\u00e9get is el\u00e9r. A k\u00f6nny\u0171s\u00faly\u00fa sz\u00e1r kialak\u00edt\u00e1s ujjv\u00e9d\u0151vel rendelkezik, amely v\u00e9delmet ny\u00fajt az \u00edjh\u00far elmozdul\u00e1sa ellen. Kiv\u00e1l\u00f3 min\u0151s\u00e9g\u0171 CAMO kivitel\u0171 Real Three Hardwoods, amely m\u00e9g ink\u00e1bb feldobja az \u00f6sszk\u00e9pet. A mell\u00e9kelt 4\u00d732-es optik\u00e1t t\u00f6bbpontos retiklussal a tetej\u00e9n l\u00e9v\u0151 22 mm-es s\u00ednre \u00fcltetheti. Az eg\u00e9sz rendszer a v\u00e1llakkal \u00e9s a csig\u00e1kkal a k\u00e9szleten \u00fcl, \u00e9s egyetlen k\u00f6z\u00e9ps\u0151 csavarral, az \u00fagynevezett One Bolt Assemblyvel van r\u00f6gz\u00edtve. A biztons\u00e1gr\u00f3l egy biztos\u00edt\u00e9k gondoskodik, megakad\u00e1lyozva a ny\u00edlpuska nem k\u00edv\u00e1nt els\u00fct\u00e9s\u00e9t.<\/p>\n<p>Param\u00e9terek:<\/p>\n<p>Holtteher: 160 font<br \/>\nNy\u00edlsebess\u00e9g: 380 fps \/ 417 km\/h \/ 116 m\/s<br \/>\nFesz\u00edt\u00e9si hossz: 12.5\u2033<br \/>\nAj\u00e1nlott ny\u00edlhossz: 20\u2033<br \/>\nHossz: 89,5 cm<br \/>\nSz\u00e9less\u00e9g: 45 cm<br \/>\nS\u00faly: 2,88 kg<br \/>\nKiold\u00f3 t\u00edpusa: csendes<br \/>\nBiztons\u00e1g az \u00fcres l\u00f6v\u00e9s ellen: (US szabadalom)<\/p>\n<p>A csomag tartalma:<\/p>\n<p>1x Cushion Barnett Raptor FX3 PRO<br \/>\n1x c\u00e9lt\u00e1vcs\u0151 4\u00d732 Multi Reticle<br \/>\n1x Ny\u00edl tart\u00f3<br \/>\n1x von\u00f3h\u00faz\u00f3<br \/>\n2x Carbon nyilak - Barnett Carbon Halfmoon 20\u2033<\/p>\n<p>HASZN\u00c1LAT:<\/p>\n<p>A ny\u00edlpusk\u00e1val nem szabad c\u00e9lzottan l\u0151ni! Az \u00edgy megs\u00e9r\u00fclt ny\u00edlpuska nem fogadhat\u00f3 el reklam\u00e1ci\u00f3k\u00e9nt!<br \/>\n\u00cdjpusk\u00e1t csak 18 \u00e9ves vagy ann\u00e1l id\u0151sebb szem\u00e9lyek v\u00e1s\u00e1rolhatnak, szem\u00e9lyi igazolv\u00e1nnyal.<br \/>\nA bonyolultabb m\u0171k\u00f6d\u00e9s \u00e9s a pontosan az utas\u00edt\u00e1soknak megfelel\u0151 haszn\u00e1lat nagyobb ig\u00e9nye miatt javasoljuk, hogy a ny\u00edlpusk\u00e1t szem\u00e9lyesen v\u00e1s\u00e1rolja meg valamelyik \u00fczleti partner\u00fcnkn\u00e9l vagy telephely\u00fcnk\u00f6n.\u00a0<\/p>","protected":false},"excerpt":{"rendered":"<p>Fesz\u00edt\u0151er\u0151 160 lbs (712 N), sebess\u00e9g 380 fps \/ 116 m\/s (ny\u00edl 380 gr), s\u00faly 2,90 kg. 4\u00d732-es c\u00e9lt\u00e1vcs\u0151, 2 ny\u00edlvessz\u0151, k\u00f6t\u00e9lh\u00faros \u00edjh\u00faz\u00f3, viasz mell\u00e9kelve.<\/p>","protected":false},"featured_media":8300,"template":"","meta":{"_gspb_post_css":""},"product_brand":[],"product_cat":[2012,1977,1850,1824],"product_tag":[],"class_list":{"0":"post-14175","1":"product","2":"type-product","3":"status-publish","4":"has-post-thumbnail","6":"product_cat-kladkove-kuse","7":"product_cat-kuse","8":"product_cat-mechanicke-zbrane","9":"product_cat-zbrane-18-d","11":"first","12":"outofstock","13":"taxable","14":"shipping-taxable","15":"purchasable","16":"product-type-simple"},"ct_brands":[],"_links":{"self":[{"href":"https:\/\/zbranebudai.sk\/hu\/wp-json\/wp\/v2\/product\/14175","targetHints":{"allow":["GET"]}}],"collection":[{"href":"https:\/\/zbranebudai.sk\/hu\/wp-json\/wp\/v2\/product"}],"about":[{"href":"https:\/\/zbranebudai.sk\/hu\/wp-json\/wp\/v2\/types\/product"}],"wp:featuredmedia":[{"embeddable":true,"href":"https:\/\/zbranebudai.sk\/hu\/wp-json\/wp\/v2\/media\/8300"}],"wp:attachment":[{"href":"https:\/\/zbranebudai.sk\/hu\/wp-json\/wp\/v2\/media?parent=14175"}],"wp:term":[{"taxonomy":"product_brand","embeddable":true,"href":"https:\/\/zbranebudai.sk\/hu\/wp-json\/wp\/v2\/product_brand?post=14175"},{"taxonomy":"product_cat","embeddable":true,"href":"https:\/\/zbranebudai.sk\/hu\/wp-json\/wp\/v2\/product_cat?post=14175"},{"taxonomy":"product_tag","embeddable":true,"href":"https:\/\/zbranebudai.sk\/hu\/wp-json\/wp\/v2\/product_tag?post=14175"}],"curies":[{"name":"wp","href":"https:\/\/api.w.org\/{rel}","templated":true}]}}