{"id":14174,"date":"2025-02-17T17:56:22","date_gmt":"2025-02-17T15:56:22","guid":{"rendered":"https:\/\/zbranebudai.sk\/product\/kusa-barnett-buck-commander-droptine-xt\/"},"modified":"2025-07-12T16:23:38","modified_gmt":"2025-07-12T14:23:38","slug":"kusa-barnett-buck-commander-droptine-xt","status":"publish","type":"product","link":"https:\/\/zbranebudai.sk\/hu\/product\/kusa-barnett-buck-commander-droptine-xt\/","title":{"rendered":"Barnett Buck Commander Droptine XT"},"content":{"rendered":"<p>Barnett Buck Commander Droptine XT<\/p>\n<p>egy m\u00e1sik modell a Buck Commander sorozatb\u00f3l, amelyet a Triggertech ravaszmechanizmussal szereltek fel.  Ez egy rendk\u00edv\u00fcl megb\u00edzhat\u00f3 \u00e9s pontos modell, amely m\u00e9g hat\u00e9konyabb, mint el\u0151dje. Az ebb\u0151l ered\u0151 ny\u00edlvessz\u0151 sebess\u00e9ge elk\u00e9peszt\u0151 396km\/h.<\/p>\n<p>- Triggermechanizmus Triggertech<br \/>\n- 7\/8\u2033 Picatinny s\u00edn<br \/>\n- K\u00f6nny\u0171 test<br \/>\n- Befejez\u00e9s: Realtree Hardwoods \u00e1lc\u00e1z\u00e1s<\/p>\n<p>Param\u00e9terek:<\/p>\n<p>Holtteher: 160 font<br \/>\nNy\u00edlsebess\u00e9g: 360fps \/ 396km\/h \/ 110 m\/s.<br \/>\nFesz\u00edt\u00e9si hossz: 20\u2033<br \/>\nAj\u00e1nlott ny\u00edlhossz: 20\u2033<br \/>\nHossz: 91 cm\u00a0<br \/>\nSz\u00e9less\u00e9g: 53 cm\u00a0<br \/>\nS\u00faly: 3,18 kg<br \/>\nKiold\u00f3 t\u00edpusa: csendes<br \/>\nBiztons\u00e1g az \u00fcres l\u00f6v\u00e9s ellen: (US szabadalom)<\/p>\n<p>a CSOMAG tartalma:<\/p>\n<p>1x p\u00e1rna BARNETT BC Droptine XT p\u00e1rna\u00a0<br \/>\n1x 4\u00d732-es c\u00e9lt\u00e1vcs\u0151<br \/>\n1x von\u00f3h\u00faz\u00f3<br \/>\n2x Carbon nyilak - Headhunter 20\u2033<br \/>\n1x viasz az \u00edjh\u00farra<\/p>\n<p>\u00c9rtes\u00edt\u00e9s:<\/p>\n<p>A ny\u00edlpusk\u00e1val nem szabad c\u00e9lzottan l\u0151ni! Az \u00edgy megs\u00e9r\u00fclt ny\u00edlpuska nem fogadhat\u00f3 el reklam\u00e1ci\u00f3k\u00e9nt!<br \/>\n\u00cdjpusk\u00e1t csak 18 \u00e9ves vagy ann\u00e1l id\u0151sebb szem\u00e9lyek v\u00e1s\u00e1rolhatnak, szem\u00e9lyi igazolv\u00e1nnyal.<br \/>\nA bonyolultabb m\u0171k\u00f6d\u00e9s \u00e9s a pontosan az utas\u00edt\u00e1soknak megfelel\u0151 haszn\u00e1lat nagyobb ig\u00e9nye miatt javasoljuk, hogy a ny\u00edlpusk\u00e1t szem\u00e9lyesen v\u00e1s\u00e1rolja meg valamelyik \u00fczleti partner\u00fcnkn\u00e9l vagy telephely\u00fcnk\u00f6n.<\/p>","protected":false},"excerpt":{"rendered":"<p>Fesz\u00edt\u0151er\u0151 160 lbs (712 N), sebess\u00e9g 360 fps \/ 110 m\/s (ny\u00edl 380 gr), s\u00faly 3,18 kg. 4\u00d732-es c\u00e9lt\u00e1vcs\u0151, 2 ny\u00edlvessz\u0151, k\u00f6t\u00e9lh\u00faros \u00edjh\u00faz\u00f3, viasz mell\u00e9kelve.<\/p>","protected":false},"featured_media":8298,"template":"","meta":{"_gspb_post_css":""},"product_brand":[],"product_cat":[2012,1977,1850,1824],"product_tag":[],"class_list":{"0":"post-14174","1":"product","2":"type-product","3":"status-publish","4":"has-post-thumbnail","6":"product_cat-kladkove-kuse","7":"product_cat-kuse","8":"product_cat-mechanicke-zbrane","9":"product_cat-zbrane-18-d","11":"first","12":"outofstock","13":"taxable","14":"shipping-taxable","15":"purchasable","16":"product-type-simple"},"ct_brands":[],"_links":{"self":[{"href":"https:\/\/zbranebudai.sk\/hu\/wp-json\/wp\/v2\/product\/14174","targetHints":{"allow":["GET"]}}],"collection":[{"href":"https:\/\/zbranebudai.sk\/hu\/wp-json\/wp\/v2\/product"}],"about":[{"href":"https:\/\/zbranebudai.sk\/hu\/wp-json\/wp\/v2\/types\/product"}],"wp:featuredmedia":[{"embeddable":true,"href":"https:\/\/zbranebudai.sk\/hu\/wp-json\/wp\/v2\/media\/8298"}],"wp:attachment":[{"href":"https:\/\/zbranebudai.sk\/hu\/wp-json\/wp\/v2\/media?parent=14174"}],"wp:term":[{"taxonomy":"product_brand","embeddable":true,"href":"https:\/\/zbranebudai.sk\/hu\/wp-json\/wp\/v2\/product_brand?post=14174"},{"taxonomy":"product_cat","embeddable":true,"href":"https:\/\/zbranebudai.sk\/hu\/wp-json\/wp\/v2\/product_cat?post=14174"},{"taxonomy":"product_tag","embeddable":true,"href":"https:\/\/zbranebudai.sk\/hu\/wp-json\/wp\/v2\/product_tag?post=14174"}],"curies":[{"name":"wp","href":"https:\/\/api.w.org\/{rel}","templated":true}]}}