{"id":14173,"date":"2025-02-17T17:56:22","date_gmt":"2025-02-17T15:56:22","guid":{"rendered":"https:\/\/zbranebudai.sk\/product\/kusa-barnett-razr-ice-bez-puskohladu\/"},"modified":"2025-12-13T11:55:35","modified_gmt":"2025-12-13T09:55:35","slug":"kusa-barnett-razr-ice-felhuto-nelkul","status":"publish","type":"product","link":"https:\/\/zbranebudai.sk\/hu\/product\/kusa-barnett-razr-ice-bez-puskohladu\/","title":{"rendered":"Barnett RAZR Ice puska - t\u00e1vcs\u0151 n\u00e9lk\u00fcl"},"content":{"rendered":"<p>- Tervez\u00e9s Mossy Oak Treestand<br \/>\n- MIM kiold\u00f3 mechanizmus<br \/>\n- Ujjv\u00e9delem<br \/>\n- Befecskendez\u00e9s szab\u00e1lyoz\u00e1sa teljes\u00edtm\u00e9ny szerint<br \/>\n- Biztos\u00edt\u00f3: ADF, automatikus<\/p>\n<p>Param\u00e9terek:<\/p>\n<p>Fesz\u00fclts\u00e9g: 185 font (823 N)<br \/>\nNy\u00edlsebess\u00e9g: 390 fps \/ 428 km\/h \/ 119 m\/s<br \/>\n7\/8\u2033 Picatinny s\u00edn<br \/>\nFesz\u00edt\u00e9si hossz: 14 3\/8\u2033 (36,8 cm)<br \/>\nKinetikus energia: 128 ft\/lbs\u00a0<br \/>\nAj\u00e1nlott ny\u00edlhossz: 22\u2033<br \/>\nHossz: 91 cm\u00a0<br \/>\nSz\u00e9less\u00e9g: 73,7 cm\u00a0<br \/>\nS\u00faly: 3,27 kg<br \/>\nKiold\u00f3 t\u00edpusa: csendes<\/p>\n<p>A csomag tartalma:<\/p>\n<p>1x Barnett RAZR ICE<br \/>\n1x k\u00e9s elrejthet\u0151 az \u00e1llom\u00e1nyban<br \/>\n1x oldals\u00f3 ny\u00edltart\u00f3<br \/>\n1x von\u00f3h\u00faz\u00f3<br \/>\n2x Carbon ny\u00edlvessz\u0151 - Headhunter hossza 22\u2033<br \/>\n1x viasz az \u00edjh\u00farra<\/p>\n<p>HASZN\u00c1LAT:<\/p>\n<p>A ny\u00edlpusk\u00e1val nem szabad c\u00e9lzottan l\u0151ni! Az \u00edgy megs\u00e9r\u00fclt ny\u00edlpuska nem fogadhat\u00f3 el reklam\u00e1ci\u00f3k\u00e9nt!<br \/>\n\u00cdjpusk\u00e1t csak 18 \u00e9ves vagy ann\u00e1l id\u0151sebb szem\u00e9lyek v\u00e1s\u00e1rolhatnak, szem\u00e9lyi igazolv\u00e1nnyal.<br \/>\nA bonyolultabb m\u0171k\u00f6d\u00e9s \u00e9s a pontosan az utas\u00edt\u00e1soknak megfelel\u0151 haszn\u00e1lat nagyobb ig\u00e9nye miatt javasoljuk, hogy a ny\u00edlpusk\u00e1t szem\u00e9lyesen v\u00e1s\u00e1rolja meg valamelyik \u00fczleti partner\u00fcnkn\u00e9l vagy telephely\u00fcnk\u00f6n.\u00a0<\/p>","protected":false},"excerpt":{"rendered":"<p>A Barnett RAZR Ice a Barnett ny\u00edlpuska egyik z\u00e1szl\u00f3shaj\u00f3 modellje. Az \u00e1llom\u00e1ny be\u00e9p\u00edtett t\u00fal\u00e9l\u0151k\u00e9ssel \u00e9s beh\u00fazhat\u00f3 v\u00e1llt\u00e1masszal rendelkezik. A Razr Ice ny\u00edlpuska alapja egy karbon csatlakoz\u00f3 - a ny\u00edlpuska \u00e9s a v\u00e1llak sz\u00edve, az \u00fagynevezett Carbonlite Riser Technology, ennek a technol\u00f3gi\u00e1nak k\u00f6sz\u00f6nhet\u0151en a fegyver jelent\u0151sen kisebb s\u00faly\u00fa. A sz\u00e1mszer\u00edj \u00edjh\u00far-hangtomp\u00edt\u00f3kkal van felszerelve, amelyek kisebb zajt \u00e9s nagyobb tart\u00f3ss\u00e1got garant\u00e1lnak. A ny\u00edlvessz\u0151 sebess\u00e9ge tekint\u00e9lyes 418 km\/h. A fegyver MIM trigger technol\u00f3gi\u00e1val ell\u00e1tott ravaszmechanizmussal rendelkezik A Barnett RAZR Ice a Barnett csig\u00e1s ny\u00edlpusk\u00e1k egyik z\u00e1szl\u00f3shaj\u00f3 modellje. A sz\u00e1rba egy beh\u00fazhat\u00f3 v\u00e1llt\u00e1masz van be\u00e9p\u00edtve. A Razr Ice ny\u00edlpuska alapja egy karbon csatlakoz\u00f3 - a ny\u00edlpuska sz\u00edve \u00e9s a v\u00e1llak \u00fagynevezett Carbonlite Riser Technology, ennek a technol\u00f3gi\u00e1nak k\u00f6sz\u00f6nhet\u0151en a fegyver jelent\u0151sen kisebb s\u00faly\u00fa. A sz\u00e1mszer\u00edj \u00edjh\u00far-hangtomp\u00edt\u00f3kkal van felszerelve, amelyek kisebb zajt \u00e9s nagyobb tart\u00f3ss\u00e1got garant\u00e1lnak. A ny\u00edlvessz\u0151 sebess\u00e9ge tekint\u00e9lyes 418 km\/h. A fegyver MIM ravasztechnol\u00f3gi\u00e1val ell\u00e1tott ravaszmechanizmussal \u00e9s k\u00e9tkezes biztons\u00e1ggal rendelkezik az ADF v\u00e9letlen els\u00fct\u00e9se ellen. Az \u00e1llom\u00e1nyban van hely a CCD (Crank Cocking Device) kakasszerkezet sz\u00e1m\u00e1ra a tov\u00e1bbi biztons\u00e1g \u00e9rdek\u00e9ben. Megjegyz\u00e9s: a sz\u00e1mszer\u00edj az \u00e1llom\u00e1nyba rejtett c\u00e9lt\u00e1vcs\u0151 \u00e9s k\u00e9s n\u00e9lk\u00fcl ker\u00fcl forgalomba!\u00e9s az ADF v\u00e9letlen els\u00fct\u00e9se elleni k\u00e9toldali biztons\u00e1g n\u00e9lk\u00fcl. Az \u00e1llom\u00e1nyban van hely a CCD (Crank Cocking Device) kakasfelh\u00faz\u00f3 mechanizmus sz\u00e1m\u00e1ra a tov\u00e1bbi biztons\u00e1g \u00e9rdek\u00e9ben. K\u00e9rj\u00fck, vegye figyelembe: a ny\u00edlpuska t\u00e1vcs\u0151 n\u00e9lk\u00fcl ker\u00fcl forgalomba!<\/p>","protected":false},"featured_media":8296,"template":"","meta":{"_gspb_post_css":""},"product_brand":[],"product_cat":[2012,1977,1850,1824],"product_tag":[],"class_list":{"0":"post-14173","1":"product","2":"type-product","3":"status-publish","4":"has-post-thumbnail","6":"product_cat-kladkove-kuse","7":"product_cat-kuse","8":"product_cat-mechanicke-zbrane","9":"product_cat-zbrane-18-d","11":"first","12":"outofstock","13":"taxable","14":"shipping-taxable","15":"purchasable","16":"product-type-simple"},"ct_brands":[],"_links":{"self":[{"href":"https:\/\/zbranebudai.sk\/hu\/wp-json\/wp\/v2\/product\/14173","targetHints":{"allow":["GET"]}}],"collection":[{"href":"https:\/\/zbranebudai.sk\/hu\/wp-json\/wp\/v2\/product"}],"about":[{"href":"https:\/\/zbranebudai.sk\/hu\/wp-json\/wp\/v2\/types\/product"}],"wp:featuredmedia":[{"embeddable":true,"href":"https:\/\/zbranebudai.sk\/hu\/wp-json\/wp\/v2\/media\/8296"}],"wp:attachment":[{"href":"https:\/\/zbranebudai.sk\/hu\/wp-json\/wp\/v2\/media?parent=14173"}],"wp:term":[{"taxonomy":"product_brand","embeddable":true,"href":"https:\/\/zbranebudai.sk\/hu\/wp-json\/wp\/v2\/product_brand?post=14173"},{"taxonomy":"product_cat","embeddable":true,"href":"https:\/\/zbranebudai.sk\/hu\/wp-json\/wp\/v2\/product_cat?post=14173"},{"taxonomy":"product_tag","embeddable":true,"href":"https:\/\/zbranebudai.sk\/hu\/wp-json\/wp\/v2\/product_tag?post=14173"}],"curies":[{"name":"wp","href":"https:\/\/api.w.org\/{rel}","templated":true}]}}