{"id":14171,"date":"2025-02-17T17:56:21","date_gmt":"2025-02-17T15:56:21","guid":{"rendered":"https:\/\/zbranebudai.sk\/product\/beretta-92g-elite-ltt-kal-9x19\/"},"modified":"2026-05-07T12:17:37","modified_gmt":"2026-05-07T10:17:37","slug":"beretta-92g-elite-ltt-cal-9x19","status":"publish","type":"product","link":"https:\/\/zbranebudai.sk\/hu\/product\/beretta-92g-elite-ltt-kal-9x19\/","title":{"rendered":"Beretta 92G Elite LTT, cal. 9\u00d719"},"content":{"rendered":"<p>PARAM\u00c9TEREK:<\/p>\n<p>T\u00e1rkapacit\u00e1s: 18 t\u00f6lt\u00e9ny<br \/>\nCs\u0151hossz: 119 mm (4.7\u2033)<br \/>\nTeljes hossz: 213 mm<br \/>\nSz\u00e9less\u00e9g: 38 mm<br \/>\nMagass\u00e1g: 140 mm<br \/>\nSz\u00e1nd\u00e9kos hossz: 166 mm<br \/>\nS\u00faly: 960 g<\/p>\n<p>CSOMAG TARTALMA:<\/p>\n<p>1x Pisztoly<br \/>\n3x t\u00e1lca<br \/>\n1x fegyverz\u00e1r<br \/>\n1x b\u0151r\u00f6nd<\/p>","protected":false},"excerpt":{"rendered":"<p>A Beretta 92G Elite LTT a Langdon Tactical Ernest Langdonnal egy\u00fcttm\u0171k\u00f6dve k\u00e9sz\u00fclt. K\u00fcl\u00f6nleges Vertec\/M9A3 st\u00edlus\u00fa retesz, M9A1 st\u00edlus\u00fa \u00fct\u0151szeges kakas \u00e9s keret, valamint G st\u00edlus\u00fa dekocker. A l\u00e9gy egy f\u00e9nyvezet\u0151 rosttal. U alak\u00fa c\u00e9lt\u00e1bla t\u00fckr\u00f6z\u0151d\u00e9sg\u00e1tl\u00f3 fogaz\u00e1ssal. Gy\u00e1rtja: Beretta USA Corp., Gallatin, Tennessee, USA.<\/p>","protected":false},"featured_media":8272,"template":"","meta":{"_gspb_post_css":""},"product_brand":[],"product_cat":[1950,1864,1951,1820],"product_tag":[],"class_list":{"0":"post-14171","1":"product","2":"type-product","3":"status-publish","4":"has-post-thumbnail","6":"product_cat-beretta-usa","7":"product_cat-pistole-zbrane-b-c","8":"product_cat-pistole-beretta-usa","9":"product_cat-zbrane-b-c","11":"first","12":"instock","13":"taxable","14":"shipping-taxable","15":"purchasable","16":"product-type-simple"},"ct_brands":[],"_links":{"self":[{"href":"https:\/\/zbranebudai.sk\/hu\/wp-json\/wp\/v2\/product\/14171","targetHints":{"allow":["GET"]}}],"collection":[{"href":"https:\/\/zbranebudai.sk\/hu\/wp-json\/wp\/v2\/product"}],"about":[{"href":"https:\/\/zbranebudai.sk\/hu\/wp-json\/wp\/v2\/types\/product"}],"wp:featuredmedia":[{"embeddable":true,"href":"https:\/\/zbranebudai.sk\/hu\/wp-json\/wp\/v2\/media\/8272"}],"wp:attachment":[{"href":"https:\/\/zbranebudai.sk\/hu\/wp-json\/wp\/v2\/media?parent=14171"}],"wp:term":[{"taxonomy":"product_brand","embeddable":true,"href":"https:\/\/zbranebudai.sk\/hu\/wp-json\/wp\/v2\/product_brand?post=14171"},{"taxonomy":"product_cat","embeddable":true,"href":"https:\/\/zbranebudai.sk\/hu\/wp-json\/wp\/v2\/product_cat?post=14171"},{"taxonomy":"product_tag","embeddable":true,"href":"https:\/\/zbranebudai.sk\/hu\/wp-json\/wp\/v2\/product_tag?post=14171"}],"curies":[{"name":"wp","href":"https:\/\/api.w.org\/{rel}","templated":true}]}}