{"id":14170,"date":"2025-02-17T17:56:21","date_gmt":"2025-02-17T15:56:21","guid":{"rendered":"https:\/\/zbranebudai.sk\/product\/beretta-92fs-kal-9x19\/"},"modified":"2026-05-07T12:45:23","modified_gmt":"2026-05-07T10:45:23","slug":"beretta-92fs-cal-9x19","status":"publish","type":"product","link":"https:\/\/zbranebudai.sk\/hu\/product\/beretta-92fs-kal-9x19\/","title":{"rendered":"Beretta 92FS, cal. 9\u00d719"},"content":{"rendered":"","protected":false},"excerpt":{"rendered":"<p>T\u00e1rkapacit\u00e1s 15 t\u00f6lt\u00e9ny, cs\u0151 hossza 125 mm, teljes hossza 217 mm, teljes sz\u00e9less\u00e9ge 38 mm, SA\/DA els\u00fct\u0151szerkezet. Biztos\u00edt\u00f3val kombin\u00e1lt, k\u00e9toldali \u00fctvecsap\u00f3 ravasz. K\u00e9t azonos t\u00e1rral sz\u00e1ll\u00edtva. Gy\u00e1rt\u00f3: Beretta USA Corp., Gallatin, Tennessee, USA.<\/p>","protected":false},"featured_media":8270,"template":"","meta":{"_gspb_post_css":""},"product_brand":[],"product_cat":[1950,1864,1951,1820],"product_tag":[],"class_list":{"0":"post-14170","1":"product","2":"type-product","3":"status-publish","4":"has-post-thumbnail","6":"product_cat-beretta-usa","7":"product_cat-pistole-zbrane-b-c","8":"product_cat-pistole-beretta-usa","9":"product_cat-zbrane-b-c","11":"first","12":"outofstock","13":"taxable","14":"shipping-taxable","15":"purchasable","16":"product-type-simple"},"ct_brands":[],"_links":{"self":[{"href":"https:\/\/zbranebudai.sk\/hu\/wp-json\/wp\/v2\/product\/14170","targetHints":{"allow":["GET"]}}],"collection":[{"href":"https:\/\/zbranebudai.sk\/hu\/wp-json\/wp\/v2\/product"}],"about":[{"href":"https:\/\/zbranebudai.sk\/hu\/wp-json\/wp\/v2\/types\/product"}],"wp:featuredmedia":[{"embeddable":true,"href":"https:\/\/zbranebudai.sk\/hu\/wp-json\/wp\/v2\/media\/8270"}],"wp:attachment":[{"href":"https:\/\/zbranebudai.sk\/hu\/wp-json\/wp\/v2\/media?parent=14170"}],"wp:term":[{"taxonomy":"product_brand","embeddable":true,"href":"https:\/\/zbranebudai.sk\/hu\/wp-json\/wp\/v2\/product_brand?post=14170"},{"taxonomy":"product_cat","embeddable":true,"href":"https:\/\/zbranebudai.sk\/hu\/wp-json\/wp\/v2\/product_cat?post=14170"},{"taxonomy":"product_tag","embeddable":true,"href":"https:\/\/zbranebudai.sk\/hu\/wp-json\/wp\/v2\/product_tag?post=14170"}],"curies":[{"name":"wp","href":"https:\/\/api.w.org\/{rel}","templated":true}]}}