{"id":14169,"date":"2025-02-17T17:56:21","date_gmt":"2025-02-17T15:56:21","guid":{"rendered":"https:\/\/zbranebudai.sk\/product\/tikka-t3x-superlite-kal-65x55se-ns-fl-3rd-22-4in\/"},"modified":"2026-04-02T00:00:19","modified_gmt":"2026-04-01T22:00:19","slug":"tikka-t3x-superlite-kal-65x55se-ns-fl-3rd-22-4in","status":"publish","type":"product","link":"https:\/\/zbranebudai.sk\/hu\/product\/tikka-t3x-superlite-kal-65x55se-ns-fl-3rd-22-4in\/","title":{"rendered":"Tikka T3x Superlite, cal. 6,5x55SE (NS FL 3rd 22.4in)"},"content":{"rendered":"<p>PARAM\u00c9TEREK:<\/p>\n<p>Cs\u0151hossz: 569 mm (22.4 in)<br \/>\nTeljes hossz: 1083 mm<br \/>\nT\u00e1lcakapacit\u00e1s: 3<br \/>\nA cs\u0151 furat\u00e1nak oszt\u00e1sa: 1:8<br \/>\nPicatinny s\u00edn: Nem<br \/>\nAnyag: ac\u00e9l<br \/>\n\u00cdg\u00e9ret: Szintetikus<br \/>\nS\u00faly: 2,9 kg<\/p>","protected":false},"excerpt":{"rendered":"<p>Amikor a kompromisszum egyszer\u0171en nem j\u00f6het sz\u00f3ba. A T3x Fluted Barrel nagy teljes\u00edtm\u00e9nyt k\u00edn\u00e1l, amely k\u00f6nny\u0171 csomagban \u00e9rkezik. A Lite modellek a T3x szintetikus sz\u00e1rral, alacsony sz\u00f6g\u0171 markolattal \u00e9s modul\u00e1ris funkci\u00f3kkal rendelkeznek, amelyek lehet\u0151v\u00e9 teszik a maxim\u00e1lis testreszab\u00e1st.<\/p>","protected":false},"featured_media":8257,"template":"","meta":{"_gspb_post_css":""},"product_brand":[],"product_cat":[1821,1955,1975,1854,1861,1820],"product_tag":[],"class_list":{"0":"post-14169","1":"product","2":"type-product","3":"status-publish","4":"has-post-thumbnail","6":"product_cat-gulovnice-zbrane-b-c","7":"product_cat-t3x-lite-series","8":"product_cat-t3x-superlite","9":"product_cat-tikka","10":"product_cat-tikka-t3x","11":"product_cat-zbrane-b-c","13":"first","14":"outofstock","15":"taxable","16":"shipping-taxable","17":"purchasable","18":"product-type-simple"},"ct_brands":[],"_links":{"self":[{"href":"https:\/\/zbranebudai.sk\/hu\/wp-json\/wp\/v2\/product\/14169","targetHints":{"allow":["GET"]}}],"collection":[{"href":"https:\/\/zbranebudai.sk\/hu\/wp-json\/wp\/v2\/product"}],"about":[{"href":"https:\/\/zbranebudai.sk\/hu\/wp-json\/wp\/v2\/types\/product"}],"wp:featuredmedia":[{"embeddable":true,"href":"https:\/\/zbranebudai.sk\/hu\/wp-json\/wp\/v2\/media\/8257"}],"wp:attachment":[{"href":"https:\/\/zbranebudai.sk\/hu\/wp-json\/wp\/v2\/media?parent=14169"}],"wp:term":[{"taxonomy":"product_brand","embeddable":true,"href":"https:\/\/zbranebudai.sk\/hu\/wp-json\/wp\/v2\/product_brand?post=14169"},{"taxonomy":"product_cat","embeddable":true,"href":"https:\/\/zbranebudai.sk\/hu\/wp-json\/wp\/v2\/product_cat?post=14169"},{"taxonomy":"product_tag","embeddable":true,"href":"https:\/\/zbranebudai.sk\/hu\/wp-json\/wp\/v2\/product_tag?post=14169"}],"curies":[{"name":"wp","href":"https:\/\/api.w.org\/{rel}","templated":true}]}}