{"id":14168,"date":"2025-02-17T17:56:21","date_gmt":"2025-02-17T15:56:21","guid":{"rendered":"https:\/\/zbranebudai.sk\/product\/zasobnik-na-gulicky-pre-glock-19x-kal-45mm-bb\/"},"modified":"2026-05-14T14:51:25","modified_gmt":"2026-05-14T12:51:25","slug":"golyo-tar-glock-19x-cal-45mm-bb-glock-19-hez","status":"publish","type":"product","link":"https:\/\/zbranebudai.sk\/hu\/product\/zasobnik-na-gulicky-pre-glock-19x-kal-45mm-bb\/","title":{"rendered":"T\u00f6lt\u00e9nyt\u00e1r GLOCK 19X, cal. 4,5mm BB"},"content":{"rendered":"","protected":false},"excerpt":{"rendered":"<p>T\u00e1lca ac\u00e9lgoly\u00f3k sz\u00e1m\u00e1ra cal. 4,5mm GLOCK 19X-hez, rendel\u00e9si sz\u00e1m: 5.8368. Nem a GLOCK 19X (blowback) sz\u00e1m\u00e1ra, rendel\u00e9si sz\u00e1m: 5.8367.<\/p>","protected":false},"featured_media":8241,"template":"","meta":{"_gspb_post_css":""},"product_brand":[],"product_cat":[1833,1824,1828],"product_tag":[],"class_list":{"0":"post-14168","1":"product","2":"type-product","3":"status-publish","4":"has-post-thumbnail","6":"product_cat-co2-prislusenstvo","7":"product_cat-zbrane-18-d","8":"product_cat-zbrane-na-co2","10":"first","11":"outofstock","12":"taxable","13":"shipping-taxable","14":"purchasable","15":"product-type-simple"},"ct_brands":[],"_links":{"self":[{"href":"https:\/\/zbranebudai.sk\/hu\/wp-json\/wp\/v2\/product\/14168","targetHints":{"allow":["GET"]}}],"collection":[{"href":"https:\/\/zbranebudai.sk\/hu\/wp-json\/wp\/v2\/product"}],"about":[{"href":"https:\/\/zbranebudai.sk\/hu\/wp-json\/wp\/v2\/types\/product"}],"wp:featuredmedia":[{"embeddable":true,"href":"https:\/\/zbranebudai.sk\/hu\/wp-json\/wp\/v2\/media\/8241"}],"wp:attachment":[{"href":"https:\/\/zbranebudai.sk\/hu\/wp-json\/wp\/v2\/media?parent=14168"}],"wp:term":[{"taxonomy":"product_brand","embeddable":true,"href":"https:\/\/zbranebudai.sk\/hu\/wp-json\/wp\/v2\/product_brand?post=14168"},{"taxonomy":"product_cat","embeddable":true,"href":"https:\/\/zbranebudai.sk\/hu\/wp-json\/wp\/v2\/product_cat?post=14168"},{"taxonomy":"product_tag","embeddable":true,"href":"https:\/\/zbranebudai.sk\/hu\/wp-json\/wp\/v2\/product_tag?post=14168"}],"curies":[{"name":"wp","href":"https:\/\/api.w.org\/{rel}","templated":true}]}}