{"id":14167,"date":"2025-02-17T17:56:21","date_gmt":"2025-02-17T15:56:21","guid":{"rendered":"https:\/\/zbranebudai.sk\/product\/pistol-co2-glock-19x-kal-45mm-bb\/"},"modified":"2026-04-09T01:15:58","modified_gmt":"2026-04-08T23:15:58","slug":"co2-pisztoly-glock-19x-cal-45mm-bb","status":"publish","type":"product","link":"https:\/\/zbranebudai.sk\/hu\/product\/pistol-co2-glock-19x-kal-45mm-bb\/","title":{"rendered":"CO2 pisztoly GLOCK 19X, cal. 4,5mm BB"},"content":{"rendered":"","protected":false},"excerpt":{"rendered":"<p>CO2 pisztoly, hivatalos enged\u00e9llyel rendelkez\u0151 replika, cal. 4,5mm BB - ac\u00e9lgoly\u00f3k, opp. DAO rendszer, polimer v\u00e1z, f\u00e9m cs\u00faszka, Coyote sz\u00edn\u0171 kivitel, feh\u00e9r pontc\u00e9lz\u00f3, c\u00e9lkereszt \u00e9s k\u00e9t feh\u00e9r pont, hossza 190 mm, cs\u0151 108 mm, s\u00faly 569 g, t\u00e1r 19 goly\u00f3hoz, stretch, hossza 190 mm, cs\u0151 108 mm, s\u00faly 569 g, t\u00e1r 19 goly\u00f3hoz, stretch, hossza 190 mm, hossza 190 mm, cs\u0151 108 mm, s\u00faly 569 g. sebess\u00e9g ak\u00e1r 130 m\/s<\/p>","protected":false},"featured_media":8239,"template":"","meta":{"_gspb_post_css":""},"product_brand":[],"product_cat":[1876,1829,1824,1828],"product_tag":[],"class_list":{"0":"post-14167","1":"product","2":"type-product","3":"status-publish","4":"has-post-thumbnail","6":"product_cat-glock","7":"product_cat-pistole-na-co2","8":"product_cat-zbrane-18-d","9":"product_cat-zbrane-na-co2","11":"first","12":"instock","13":"taxable","14":"shipping-taxable","15":"purchasable","16":"product-type-simple"},"ct_brands":[],"_links":{"self":[{"href":"https:\/\/zbranebudai.sk\/hu\/wp-json\/wp\/v2\/product\/14167","targetHints":{"allow":["GET"]}}],"collection":[{"href":"https:\/\/zbranebudai.sk\/hu\/wp-json\/wp\/v2\/product"}],"about":[{"href":"https:\/\/zbranebudai.sk\/hu\/wp-json\/wp\/v2\/types\/product"}],"wp:featuredmedia":[{"embeddable":true,"href":"https:\/\/zbranebudai.sk\/hu\/wp-json\/wp\/v2\/media\/8239"}],"wp:attachment":[{"href":"https:\/\/zbranebudai.sk\/hu\/wp-json\/wp\/v2\/media?parent=14167"}],"wp:term":[{"taxonomy":"product_brand","embeddable":true,"href":"https:\/\/zbranebudai.sk\/hu\/wp-json\/wp\/v2\/product_brand?post=14167"},{"taxonomy":"product_cat","embeddable":true,"href":"https:\/\/zbranebudai.sk\/hu\/wp-json\/wp\/v2\/product_cat?post=14167"},{"taxonomy":"product_tag","embeddable":true,"href":"https:\/\/zbranebudai.sk\/hu\/wp-json\/wp\/v2\/product_tag?post=14167"}],"curies":[{"name":"wp","href":"https:\/\/api.w.org\/{rel}","templated":true}]}}