{"id":14166,"date":"2025-02-17T17:56:21","date_gmt":"2025-02-17T15:56:21","guid":{"rendered":"https:\/\/zbranebudai.sk\/product\/zasobnik-na-co2-bombicku-a-gulicky-pre-glock-19x-blowback-kal-45mm-bb\/"},"modified":"2026-04-01T22:23:04","modified_gmt":"2026-04-01T20:23:04","slug":"co2-bomba-es-lovedek-tartaly-glock-19x-blowback-cal-45mm-bb-hez","status":"publish","type":"product","link":"https:\/\/zbranebudai.sk\/hu\/product\/zasobnik-na-co2-bombicku-a-gulicky-pre-glock-19x-blowback-kal-45mm-bb\/","title":{"rendered":"CO2 patron GLOCK 19X (blowback), cal. 4,5mm BB"},"content":{"rendered":"","protected":false},"excerpt":{"rendered":"<p>T\u00e1rol\u00f3ed\u00e9ny CO2-bomba \u00e9s ac\u00e9lgoly\u00f3k cal. 4,5mm a GLOCK 19X-hez (blowback), rendel\u00e9si sz\u00e1m: 5.8367. Nem a GLOCK 19X-hez, rendel\u00e9si sz\u00e1m: 5.8368.<\/p>","protected":false},"featured_media":8237,"template":"","meta":{"_gspb_post_css":""},"product_brand":[],"product_cat":[1833,1824,1828],"product_tag":[],"class_list":{"0":"post-14166","1":"product","2":"type-product","3":"status-publish","4":"has-post-thumbnail","6":"product_cat-co2-prislusenstvo","7":"product_cat-zbrane-18-d","8":"product_cat-zbrane-na-co2","10":"first","11":"outofstock","12":"taxable","13":"shipping-taxable","14":"purchasable","15":"product-type-simple"},"ct_brands":[],"_links":{"self":[{"href":"https:\/\/zbranebudai.sk\/hu\/wp-json\/wp\/v2\/product\/14166","targetHints":{"allow":["GET"]}}],"collection":[{"href":"https:\/\/zbranebudai.sk\/hu\/wp-json\/wp\/v2\/product"}],"about":[{"href":"https:\/\/zbranebudai.sk\/hu\/wp-json\/wp\/v2\/types\/product"}],"wp:featuredmedia":[{"embeddable":true,"href":"https:\/\/zbranebudai.sk\/hu\/wp-json\/wp\/v2\/media\/8237"}],"wp:attachment":[{"href":"https:\/\/zbranebudai.sk\/hu\/wp-json\/wp\/v2\/media?parent=14166"}],"wp:term":[{"taxonomy":"product_brand","embeddable":true,"href":"https:\/\/zbranebudai.sk\/hu\/wp-json\/wp\/v2\/product_brand?post=14166"},{"taxonomy":"product_cat","embeddable":true,"href":"https:\/\/zbranebudai.sk\/hu\/wp-json\/wp\/v2\/product_cat?post=14166"},{"taxonomy":"product_tag","embeddable":true,"href":"https:\/\/zbranebudai.sk\/hu\/wp-json\/wp\/v2\/product_tag?post=14166"}],"curies":[{"name":"wp","href":"https:\/\/api.w.org\/{rel}","templated":true}]}}