{"id":14162,"date":"2025-02-17T17:56:20","date_gmt":"2025-02-17T15:56:20","guid":{"rendered":"https:\/\/zbranebudai.sk\/product\/vodiaca-tycka-napinacej-pruziny-bicieho-kohuta-p30-p2000\/"},"modified":"2026-04-09T01:37:53","modified_gmt":"2026-04-08T23:37:53","slug":"vezeto-rud-a-p30-p2000-utocsap-feszito-rudjahoz","status":"publish","type":"product","link":"https:\/\/zbranebudai.sk\/hu\/product\/vodiaca-tycka-napinacej-pruziny-bicieho-kohuta-p30-p2000\/","title":{"rendered":"P30\/P2000 dobkakas fesz\u00edt\u0151rug\u00f3 vezet\u0151 r\u00fad"},"content":{"rendered":"","protected":false},"excerpt":{"rendered":"","protected":false},"featured_media":8227,"template":"","meta":{"_gspb_post_css":""},"product_brand":[],"product_cat":[1865,1949,1864,1888,1820],"product_tag":[],"class_list":{"0":"post-14162","1":"product","2":"type-product","3":"status-publish","4":"has-post-thumbnail","6":"product_cat-heckler-koch-pistole-zbrane-b-c","7":"product_cat-nahradne-diely-prislusenstvo-heckler-koch","8":"product_cat-pistole-zbrane-b-c","9":"product_cat-prislusenstvo-heckler-koch","10":"product_cat-zbrane-b-c","12":"first","13":"outofstock","14":"taxable","15":"shipping-taxable","16":"purchasable","17":"product-type-simple"},"ct_brands":[],"_links":{"self":[{"href":"https:\/\/zbranebudai.sk\/hu\/wp-json\/wp\/v2\/product\/14162","targetHints":{"allow":["GET"]}}],"collection":[{"href":"https:\/\/zbranebudai.sk\/hu\/wp-json\/wp\/v2\/product"}],"about":[{"href":"https:\/\/zbranebudai.sk\/hu\/wp-json\/wp\/v2\/types\/product"}],"wp:featuredmedia":[{"embeddable":true,"href":"https:\/\/zbranebudai.sk\/hu\/wp-json\/wp\/v2\/media\/8227"}],"wp:attachment":[{"href":"https:\/\/zbranebudai.sk\/hu\/wp-json\/wp\/v2\/media?parent=14162"}],"wp:term":[{"taxonomy":"product_brand","embeddable":true,"href":"https:\/\/zbranebudai.sk\/hu\/wp-json\/wp\/v2\/product_brand?post=14162"},{"taxonomy":"product_cat","embeddable":true,"href":"https:\/\/zbranebudai.sk\/hu\/wp-json\/wp\/v2\/product_cat?post=14162"},{"taxonomy":"product_tag","embeddable":true,"href":"https:\/\/zbranebudai.sk\/hu\/wp-json\/wp\/v2\/product_tag?post=14162"}],"curies":[{"name":"wp","href":"https:\/\/api.w.org\/{rel}","templated":true}]}}