{"id":14161,"date":"2025-02-17T17:56:20","date_gmt":"2025-02-17T15:56:20","guid":{"rendered":"https:\/\/zbranebudai.sk\/product\/vzduchova-pistol-ux-strike-point-kal-55mm\/"},"modified":"2026-05-07T12:02:23","modified_gmt":"2026-05-07T10:02:23","slug":"legpisztoly-ux-strike-point-cal-55mm","status":"publish","type":"product","link":"https:\/\/zbranebudai.sk\/hu\/product\/vzduchova-pistol-ux-strike-point-kal-55mm\/","title":{"rendered":"UX Strike Point l\u00e9gpisztoly, cal. 5,5mm"},"content":{"rendered":"<p>PARAM\u00c9TEREK:<\/p>\n<p>Energia: legfeljebb 7,5 J<br \/>\nMenetsebess\u00e9g: 135 m\/s<br \/>\nCs\u0151hossz: 247 mm<br \/>\nTeljes hossz: 357 mm<br \/>\nS\u00faly: 1100 g<\/p>","protected":false},"excerpt":{"rendered":"<p>UX Strike Point pneumatikus l\u00e9gpisztoly hornyolt cs\u0151vel \u00e9s be\u00e9p\u00edtett szivatty\u00faval. A t\u00f6lt\u00e9s ut\u00e1n a pisztoly az alkaron l\u00e9v\u0151 kar mozgat\u00e1s\u00e1val felpump\u00e1lhat\u00f3 (min. 3-szor, max. 10-szer) \u00e9s t\u00fczel\u00e9sre k\u00e9sz. A pumpakar k\u00f6nny\u0171 ellen\u00e1ll\u00e1s\u00e1nak k\u00f6sz\u00f6nhet\u0151en a fiatalabb l\u00f6v\u00e9szek is k\u00f6nnyen fel tudj\u00e1k pump\u00e1lni. A l\u00e9gpuska l\u00f6v\u00e9sg\u00e1tl\u00f3 biztos\u00edt\u00f3val, valamint oldals\u00f3 \u00e9s magass\u00e1gban \u00e1ll\u00edthat\u00f3 c\u00e9lz\u00f3k\u00e9sz\u00fcl\u00e9kkel van felszerelve. Az UX Strike Point a be\u00e9p\u00edtett h\u00e1romkamr\u00e1s kompenz\u00e1tornak k\u00f6sz\u00f6nhet\u0151en alacsony visszar\u00fag\u00e1ssal \u00e9s cs\u00f6kkentett zajjal ny\u0171g\u00f6z le.<\/p>","protected":false},"featured_media":8225,"template":"","meta":{"_gspb_post_css":""},"product_brand":[],"product_cat":[1857,1834,1824],"product_tag":[],"class_list":{"0":"post-14161","1":"product","2":"type-product","3":"status-publish","4":"has-post-thumbnail","6":"product_cat-kratke-vzduchovky","7":"product_cat-vzduchovky","8":"product_cat-zbrane-18-d","10":"first","11":"instock","12":"taxable","13":"shipping-taxable","14":"purchasable","15":"product-type-simple"},"ct_brands":[],"_links":{"self":[{"href":"https:\/\/zbranebudai.sk\/hu\/wp-json\/wp\/v2\/product\/14161","targetHints":{"allow":["GET"]}}],"collection":[{"href":"https:\/\/zbranebudai.sk\/hu\/wp-json\/wp\/v2\/product"}],"about":[{"href":"https:\/\/zbranebudai.sk\/hu\/wp-json\/wp\/v2\/types\/product"}],"wp:featuredmedia":[{"embeddable":true,"href":"https:\/\/zbranebudai.sk\/hu\/wp-json\/wp\/v2\/media\/8225"}],"wp:attachment":[{"href":"https:\/\/zbranebudai.sk\/hu\/wp-json\/wp\/v2\/media?parent=14161"}],"wp:term":[{"taxonomy":"product_brand","embeddable":true,"href":"https:\/\/zbranebudai.sk\/hu\/wp-json\/wp\/v2\/product_brand?post=14161"},{"taxonomy":"product_cat","embeddable":true,"href":"https:\/\/zbranebudai.sk\/hu\/wp-json\/wp\/v2\/product_cat?post=14161"},{"taxonomy":"product_tag","embeddable":true,"href":"https:\/\/zbranebudai.sk\/hu\/wp-json\/wp\/v2\/product_tag?post=14161"}],"curies":[{"name":"wp","href":"https:\/\/api.w.org\/{rel}","templated":true}]}}