{"id":14160,"date":"2025-02-17T17:56:20","date_gmt":"2025-02-17T15:56:20","guid":{"rendered":"https:\/\/zbranebudai.sk\/product\/pistol-co2-heckler-koch-vp9-kal-45mm-bb\/"},"modified":"2026-05-07T11:58:30","modified_gmt":"2026-05-07T09:58:30","slug":"heckler-koch-vp9-co2-pisztoly-cal-45mm-bb","status":"publish","type":"product","link":"https:\/\/zbranebudai.sk\/hu\/product\/pistol-co2-heckler-koch-vp9-kal-45mm-bb\/","title":{"rendered":"CO2 pisztoly Heckler &amp; Koch VP9, cal. 4.5mm BB"},"content":{"rendered":"","protected":false},"excerpt":{"rendered":"<p>CO2 pisztoly kaliber\u0171 pisztoly. 4,5mm BB - az Eur\u00f3p\u00e1ban nagyon n\u00e9pszer\u0171 HK modell m\u00e1solata, amelyet SFP9-SF n\u00e9ven \u00e9rt\u00e9kes\u00edtenek - ac\u00e9lgoly\u00f3k, szemben. double action\/single action rendszer, polimer v\u00e1z, mozgathat\u00f3 f\u00e9m cs\u00faszka, fekete, c\u00e9lkereszt feh\u00e9r ponttal, c\u00e9lkereszt \u00e9s k\u00e9t feh\u00e9r pont, hossza 185 mm, cs\u0151 105 mm, s\u00faly 646 g, t\u00e1r 18 goly\u00f3 sz\u00e1m\u00e1ra, stretch. Sebess\u00e9g ak\u00e1r 115 m\/s<\/p>","protected":false},"featured_media":8221,"template":"","meta":{"_gspb_post_css":""},"product_brand":[],"product_cat":[1841,1829,1824,1828],"product_tag":[],"class_list":{"0":"post-14160","1":"product","2":"type-product","3":"status-publish","4":"has-post-thumbnail","6":"product_cat-heckler-koch","7":"product_cat-pistole-na-co2","8":"product_cat-zbrane-18-d","9":"product_cat-zbrane-na-co2","11":"first","12":"instock","13":"taxable","14":"shipping-taxable","15":"purchasable","16":"product-type-simple"},"ct_brands":[],"_links":{"self":[{"href":"https:\/\/zbranebudai.sk\/hu\/wp-json\/wp\/v2\/product\/14160","targetHints":{"allow":["GET"]}}],"collection":[{"href":"https:\/\/zbranebudai.sk\/hu\/wp-json\/wp\/v2\/product"}],"about":[{"href":"https:\/\/zbranebudai.sk\/hu\/wp-json\/wp\/v2\/types\/product"}],"wp:featuredmedia":[{"embeddable":true,"href":"https:\/\/zbranebudai.sk\/hu\/wp-json\/wp\/v2\/media\/8221"}],"wp:attachment":[{"href":"https:\/\/zbranebudai.sk\/hu\/wp-json\/wp\/v2\/media?parent=14160"}],"wp:term":[{"taxonomy":"product_brand","embeddable":true,"href":"https:\/\/zbranebudai.sk\/hu\/wp-json\/wp\/v2\/product_brand?post=14160"},{"taxonomy":"product_cat","embeddable":true,"href":"https:\/\/zbranebudai.sk\/hu\/wp-json\/wp\/v2\/product_cat?post=14160"},{"taxonomy":"product_tag","embeddable":true,"href":"https:\/\/zbranebudai.sk\/hu\/wp-json\/wp\/v2\/product_tag?post=14160"}],"curies":[{"name":"wp","href":"https:\/\/api.w.org\/{rel}","templated":true}]}}