{"id":14153,"date":"2025-02-17T17:56:18","date_gmt":"2025-02-17T15:56:18","guid":{"rendered":"https:\/\/zbranebudai.sk\/product\/tikka-t3x-superlite-kal-308win-ns-fl-ss-3rd-22-4in\/"},"modified":"2026-04-23T08:40:16","modified_gmt":"2026-04-23T06:40:16","slug":"tikka-t3x-superlite-kal-308win-ns-fl-ss-3-22-4in","status":"publish","type":"product","link":"https:\/\/zbranebudai.sk\/hu\/product\/tikka-t3x-superlite-kal-308win-ns-fl-ss-3rd-22-4in\/","title":{"rendered":"Tikka T3x Superlite, cal. .308Win. (NS FL SS 3. 22.4in)"},"content":{"rendered":"<p>PARAM\u00c9TEREK:<\/p>\n<p>Cs\u0151hossz: 569 mm (22.4 in)<br \/>\nTeljes hossz: 1083 mm<br \/>\nT\u00e1lcakapacit\u00e1s: 3<br \/>\nA cs\u0151 furat\u00e1nak oszt\u00e1sa: 1:11<br \/>\nPicatinny s\u00edn: Nem<br \/>\nAnyag: Rozsdamentes ac\u00e9l<br \/>\n\u00cdg\u00e9ret: Szintetikus<br \/>\nS\u00faly: 2,9 kg<\/p>","protected":false},"excerpt":{"rendered":"<p>A n\u00e9pszer\u0171 Tikka T3x Lite modell rozsdamentes ac\u00e9lcs\u0151vel \"Stainless\". A pr\u00e9mium min\u0151s\u00e9g\u0171 rozsdamentes ac\u00e9lb\u00f3l k\u00e9sz\u00fclt f\u00e9m alkatr\u00e9szekkel ez a robusztus \u00e9s tart\u00f3s puska ide\u00e1lis v\u00e1laszt\u00e1s minden id\u0151j\u00e1r\u00e1si k\u00f6r\u00fclm\u00e9nyhez.<\/p>","protected":false},"featured_media":8203,"template":"","meta":{"_gspb_post_css":""},"product_brand":[],"product_cat":[1821,1955,1980,1854,1861,1820],"product_tag":[],"class_list":{"0":"post-14153","1":"product","2":"type-product","3":"status-publish","4":"has-post-thumbnail","6":"product_cat-gulovnice-zbrane-b-c","7":"product_cat-t3x-lite-series","8":"product_cat-t3x-lite-stainless","9":"product_cat-tikka","10":"product_cat-tikka-t3x","11":"product_cat-zbrane-b-c","13":"first","14":"outofstock","15":"taxable","16":"shipping-taxable","17":"purchasable","18":"product-type-simple"},"ct_brands":[],"_links":{"self":[{"href":"https:\/\/zbranebudai.sk\/hu\/wp-json\/wp\/v2\/product\/14153","targetHints":{"allow":["GET"]}}],"collection":[{"href":"https:\/\/zbranebudai.sk\/hu\/wp-json\/wp\/v2\/product"}],"about":[{"href":"https:\/\/zbranebudai.sk\/hu\/wp-json\/wp\/v2\/types\/product"}],"wp:featuredmedia":[{"embeddable":true,"href":"https:\/\/zbranebudai.sk\/hu\/wp-json\/wp\/v2\/media\/8203"}],"wp:attachment":[{"href":"https:\/\/zbranebudai.sk\/hu\/wp-json\/wp\/v2\/media?parent=14153"}],"wp:term":[{"taxonomy":"product_brand","embeddable":true,"href":"https:\/\/zbranebudai.sk\/hu\/wp-json\/wp\/v2\/product_brand?post=14153"},{"taxonomy":"product_cat","embeddable":true,"href":"https:\/\/zbranebudai.sk\/hu\/wp-json\/wp\/v2\/product_cat?post=14153"},{"taxonomy":"product_tag","embeddable":true,"href":"https:\/\/zbranebudai.sk\/hu\/wp-json\/wp\/v2\/product_tag?post=14153"}],"curies":[{"name":"wp","href":"https:\/\/api.w.org\/{rel}","templated":true}]}}