{"id":14148,"date":"2025-02-17T17:56:18","date_gmt":"2025-02-17T15:56:18","guid":{"rendered":"https:\/\/zbranebudai.sk\/product\/zasobnik-glock-17-gas-na-airsoft-gul\/"},"modified":"2026-05-07T12:21:23","modified_gmt":"2026-05-07T10:21:23","slug":"glock-17-gaz-tar-airsoft-gulhoz","status":"publish","type":"product","link":"https:\/\/zbranebudai.sk\/hu\/product\/zasobnik-glock-17-gas-na-airsoft-gul\/","title":{"rendered":"GLOCK 17 (g\u00e1z) t\u00e1r airsoft l\u00f6ved\u00e9kekhez."},"content":{"rendered":"","protected":false},"excerpt":{"rendered":"","protected":false},"featured_media":8163,"template":"","meta":{"_gspb_post_css":""},"product_brand":[],"product_cat":[1848,1925,1824],"product_tag":[],"class_list":{"0":"post-14148","1":"product","2":"type-product","3":"status-publish","4":"has-post-thumbnail","6":"product_cat-airsoft","7":"product_cat-airsoft-prislusenstvo","8":"product_cat-zbrane-18-d","10":"first","11":"instock","12":"taxable","13":"shipping-taxable","14":"purchasable","15":"product-type-simple"},"ct_brands":[],"_links":{"self":[{"href":"https:\/\/zbranebudai.sk\/hu\/wp-json\/wp\/v2\/product\/14148","targetHints":{"allow":["GET"]}}],"collection":[{"href":"https:\/\/zbranebudai.sk\/hu\/wp-json\/wp\/v2\/product"}],"about":[{"href":"https:\/\/zbranebudai.sk\/hu\/wp-json\/wp\/v2\/types\/product"}],"wp:featuredmedia":[{"embeddable":true,"href":"https:\/\/zbranebudai.sk\/hu\/wp-json\/wp\/v2\/media\/8163"}],"wp:attachment":[{"href":"https:\/\/zbranebudai.sk\/hu\/wp-json\/wp\/v2\/media?parent=14148"}],"wp:term":[{"taxonomy":"product_brand","embeddable":true,"href":"https:\/\/zbranebudai.sk\/hu\/wp-json\/wp\/v2\/product_brand?post=14148"},{"taxonomy":"product_cat","embeddable":true,"href":"https:\/\/zbranebudai.sk\/hu\/wp-json\/wp\/v2\/product_cat?post=14148"},{"taxonomy":"product_tag","embeddable":true,"href":"https:\/\/zbranebudai.sk\/hu\/wp-json\/wp\/v2\/product_tag?post=14148"}],"curies":[{"name":"wp","href":"https:\/\/api.w.org\/{rel}","templated":true}]}}