{"id":14146,"date":"2025-02-17T17:56:17","date_gmt":"2025-02-17T15:56:17","guid":{"rendered":"https:\/\/zbranebudai.sk\/product\/cielnik-kontrastny-white-hk-usp-usp-compact-60-mm\/"},"modified":"2026-04-09T01:37:53","modified_gmt":"2026-04-08T23:37:53","slug":"feher-hk-usp-usp-kompakt-60-mm","status":"publish","type":"product","link":"https:\/\/zbranebudai.sk\/hu\/product\/cielnik-kontrastny-white-hk-usp-usp-compact-60-mm\/","title":{"rendered":"Kontraszt c\u00e9lt\u00e1bla FEH\u00c9R HK USP\/USP COMPACT 6,0 mm"},"content":{"rendered":"","protected":false},"excerpt":{"rendered":"","protected":false},"featured_media":8159,"template":"","meta":{"_gspb_post_css":""},"product_brand":[],"product_cat":[1865,1959,1864,1888,1820],"product_tag":[],"class_list":{"0":"post-14146","1":"product","2":"type-product","3":"status-publish","4":"has-post-thumbnail","6":"product_cat-heckler-koch-pistole-zbrane-b-c","7":"product_cat-mieridla","8":"product_cat-pistole-zbrane-b-c","9":"product_cat-prislusenstvo-heckler-koch","10":"product_cat-zbrane-b-c","12":"first","13":"outofstock","14":"taxable","15":"shipping-taxable","16":"purchasable","17":"product-type-simple"},"ct_brands":[],"_links":{"self":[{"href":"https:\/\/zbranebudai.sk\/hu\/wp-json\/wp\/v2\/product\/14146","targetHints":{"allow":["GET"]}}],"collection":[{"href":"https:\/\/zbranebudai.sk\/hu\/wp-json\/wp\/v2\/product"}],"about":[{"href":"https:\/\/zbranebudai.sk\/hu\/wp-json\/wp\/v2\/types\/product"}],"wp:featuredmedia":[{"embeddable":true,"href":"https:\/\/zbranebudai.sk\/hu\/wp-json\/wp\/v2\/media\/8159"}],"wp:attachment":[{"href":"https:\/\/zbranebudai.sk\/hu\/wp-json\/wp\/v2\/media?parent=14146"}],"wp:term":[{"taxonomy":"product_brand","embeddable":true,"href":"https:\/\/zbranebudai.sk\/hu\/wp-json\/wp\/v2\/product_brand?post=14146"},{"taxonomy":"product_cat","embeddable":true,"href":"https:\/\/zbranebudai.sk\/hu\/wp-json\/wp\/v2\/product_cat?post=14146"},{"taxonomy":"product_tag","embeddable":true,"href":"https:\/\/zbranebudai.sk\/hu\/wp-json\/wp\/v2\/product_tag?post=14146"}],"curies":[{"name":"wp","href":"https:\/\/api.w.org\/{rel}","templated":true}]}}