{"id":14143,"date":"2025-02-17T17:56:17","date_gmt":"2025-02-17T15:56:17","guid":{"rendered":"https:\/\/zbranebudai.sk\/product\/jatocny-pristroj-jp6\/"},"modified":"2026-04-09T02:09:53","modified_gmt":"2026-04-09T00:09:53","slug":"jp6-vagoeszkoz","status":"publish","type":"product","link":"https:\/\/zbranebudai.sk\/hu\/product\/jatocny-pristroj-jp6\/","title":{"rendered":"M\u00e9sz\u00e1rsz\u00e9k JP6"},"content":{"rendered":"<p>M\u00e9sz\u00e1rsz\u00e9k JP6<\/p>\n<p>A cseh Antreg c\u00e9g JP6 (Puk\u00e1l) v\u00e1g\u00f3g\u00e9pe egy kiv\u00e1l\u00f3 min\u0151s\u00e9g\u0171, egyl\u00f6vet\u0171 fegyver, amelyet a haszon\u00e1llatok lev\u00e1g\u00e1s\u00e1nak megk\u00f6nny\u00edt\u00e9s\u00e9re terveztek. Ez egy nagy hagyom\u00e1nyokkal rendelkez\u0151 term\u00e9k, amely a v\u00e1g\u00f3hidakon, a h\u00e1zi v\u00e1g\u00f3hidakon \u00e9s az \u00e1llateg\u00e9szs\u00e9g\u00fcgyi igazgat\u00e1sban tal\u00e1lta meg alkalmaz\u00e1s\u00e1t.\u00a0<\/p>\n<p>Utas\u00edt\u00e1sok:<\/p>\n<p>Az \u00e1llat fej\u00e9re t\u00f6rt\u00e9n\u0151 felhelyez\u00e9s \u00e9s a l\u00f6ved\u00e9k ezt k\u00f6vet\u0151 kil\u00f6v\u00e9se ut\u00e1n egy t\u00f6bb centim\u00e9ter hossz\u00fa ac\u00e9ldugatty\u00fa (t\u00fcske) dinamikusan kiny\u00falik a v\u00e1g\u00f3szerkezetb\u0151l, amely elk\u00e1b\u00edtja az \u00e1llatot, miel\u0151tt elv\u00e9rzik. Ez az ac\u00e9l dugatty\u00fa (t\u00fcske) a v\u00e1g\u00f3eszk\u00f6z belsej\u00e9ben egy \u00fctk\u00f6z\u0151gumival van ell\u00e1tva, amely a l\u00f6v\u00e9s lead\u00e1sa ut\u00e1n lef\u00e9kezi a dugatty\u00fat, \u00e9s megakad\u00e1lyozza, hogy az megs\u00e9r\u00fclj\u00f6n. A v\u00e1g\u00f3k\u00e9sz\u00fcl\u00e9kben b\u00e1rmilyen m\u00e1rk\u00e1j\u00fa 9 mm-es v\u00e1g\u00f3patron haszn\u00e1lhat\u00f3, de a gy\u00e1rt\u00f3 a Sellier &amp; Bellot m\u00e1rk\u00e1j\u00fa 9\u00d720 mm-es patronok haszn\u00e1lat\u00e1t aj\u00e1nlja.<\/p>\n<p>Beszerezhet\u0151 a Bansk\u00e1 Bystrica-i \u00e9rt\u00e9kes\u00edt\u00e9si partner\u00fcnkn\u00e9l.<\/p>","protected":false},"excerpt":{"rendered":"<p>A JP6 modell a r\u00e9gebbi JP4 modellt v\u00e1ltotta fel, amelyet m\u00e1r kivontak a forgalomb\u00f3l.<\/p>","protected":false},"featured_media":8149,"template":"","meta":{"_gspb_post_css":""},"product_brand":[],"product_cat":[1843,2008,1824],"product_tag":[],"class_list":{"0":"post-14143","1":"product","2":"type-product","3":"status-publish","4":"has-post-thumbnail","6":"product_cat-jatocne-pristroje","7":"product_cat-jatocny-pristroj-jp6","8":"product_cat-zbrane-18-d","10":"first","11":"instock","12":"taxable","13":"shipping-taxable","14":"purchasable","15":"product-type-simple"},"ct_brands":[],"_links":{"self":[{"href":"https:\/\/zbranebudai.sk\/hu\/wp-json\/wp\/v2\/product\/14143","targetHints":{"allow":["GET"]}}],"collection":[{"href":"https:\/\/zbranebudai.sk\/hu\/wp-json\/wp\/v2\/product"}],"about":[{"href":"https:\/\/zbranebudai.sk\/hu\/wp-json\/wp\/v2\/types\/product"}],"wp:featuredmedia":[{"embeddable":true,"href":"https:\/\/zbranebudai.sk\/hu\/wp-json\/wp\/v2\/media\/8149"}],"wp:attachment":[{"href":"https:\/\/zbranebudai.sk\/hu\/wp-json\/wp\/v2\/media?parent=14143"}],"wp:term":[{"taxonomy":"product_brand","embeddable":true,"href":"https:\/\/zbranebudai.sk\/hu\/wp-json\/wp\/v2\/product_brand?post=14143"},{"taxonomy":"product_cat","embeddable":true,"href":"https:\/\/zbranebudai.sk\/hu\/wp-json\/wp\/v2\/product_cat?post=14143"},{"taxonomy":"product_tag","embeddable":true,"href":"https:\/\/zbranebudai.sk\/hu\/wp-json\/wp\/v2\/product_tag?post=14143"}],"curies":[{"name":"wp","href":"https:\/\/api.w.org\/{rel}","templated":true}]}}