{"id":14141,"date":"2025-02-17T17:56:17","date_gmt":"2025-02-17T15:56:17","guid":{"rendered":"https:\/\/zbranebudai.sk\/product\/zasobnik-na-diabolky-pre-colt-python-357-kal-45mm-kovovy\/"},"modified":"2026-05-14T14:28:27","modified_gmt":"2026-05-14T12:28:27","slug":"pellet-tar-colt-python-357-cal-45mm-femhez","status":"publish","type":"product","link":"https:\/\/zbranebudai.sk\/hu\/product\/zasobnik-na-diabolky-pre-colt-python-357-kal-45mm-kovovy\/","title":{"rendered":"Puskat\u00f6lt\u00e9ny a Colt Python .357-es .357-es kaliber\u0171 pusk\u00e1hoz. 4,5mm, f\u00e9m"},"content":{"rendered":"","protected":false},"excerpt":{"rendered":"<p>F\u00e9m t\u00e1r Colt Python .357 6\u2033 \u00e9s 2,5\u2033 CO2 revolverekhez (5.8147 \u00e9s 5.8149).<\/p>","protected":false},"featured_media":8145,"template":"","meta":{"_gspb_post_css":""},"product_brand":[],"product_cat":[1833,1824,1828],"product_tag":[],"class_list":{"0":"post-14141","1":"product","2":"type-product","3":"status-publish","4":"has-post-thumbnail","6":"product_cat-co2-prislusenstvo","7":"product_cat-zbrane-18-d","8":"product_cat-zbrane-na-co2","10":"first","11":"instock","12":"taxable","13":"shipping-taxable","14":"purchasable","15":"product-type-simple"},"ct_brands":[],"_links":{"self":[{"href":"https:\/\/zbranebudai.sk\/hu\/wp-json\/wp\/v2\/product\/14141","targetHints":{"allow":["GET"]}}],"collection":[{"href":"https:\/\/zbranebudai.sk\/hu\/wp-json\/wp\/v2\/product"}],"about":[{"href":"https:\/\/zbranebudai.sk\/hu\/wp-json\/wp\/v2\/types\/product"}],"wp:featuredmedia":[{"embeddable":true,"href":"https:\/\/zbranebudai.sk\/hu\/wp-json\/wp\/v2\/media\/8145"}],"wp:attachment":[{"href":"https:\/\/zbranebudai.sk\/hu\/wp-json\/wp\/v2\/media?parent=14141"}],"wp:term":[{"taxonomy":"product_brand","embeddable":true,"href":"https:\/\/zbranebudai.sk\/hu\/wp-json\/wp\/v2\/product_brand?post=14141"},{"taxonomy":"product_cat","embeddable":true,"href":"https:\/\/zbranebudai.sk\/hu\/wp-json\/wp\/v2\/product_cat?post=14141"},{"taxonomy":"product_tag","embeddable":true,"href":"https:\/\/zbranebudai.sk\/hu\/wp-json\/wp\/v2\/product_tag?post=14141"}],"curies":[{"name":"wp","href":"https:\/\/api.w.org\/{rel}","templated":true}]}}