{"id":14137,"date":"2025-02-17T17:56:16","date_gmt":"2025-02-17T15:56:16","guid":{"rendered":"https:\/\/zbranebudai.sk\/product\/gulicky-nxg-sa-200-ocelove-95-mm-100-ks\/"},"modified":"2026-04-16T05:17:58","modified_gmt":"2026-04-16T03:17:58","slug":"golyok-nxg-sa-200-acel-95-mm-100-db","status":"publish","type":"product","link":"https:\/\/zbranebudai.sk\/hu\/product\/gulicky-nxg-sa-200-ocelove-95-mm-100-ks\/","title":{"rendered":"NXG SA-200 ac\u00e9lgoly\u00f3k 9,5 mm, 100 db"},"content":{"rendered":"","protected":false},"excerpt":{"rendered":"<p>Ezek a goly\u00f3k nem t\u00fal k\u00f6nny\u0171ek \u00e9s nem is t\u00fal nehezek. Lapos r\u00f6pp\u00e1ly\u00e1val rendelkeznek, \u00edgy pontosabban \u00e9s messzebbre l\u0151het. Nem t\u00f6rnek \u00f6ssze az \u00fctk\u00f6z\u00e9skor, megtartj\u00e1k alakjukat \u00e9s t\u00f6bbsz\u00f6r is kil\u0151het\u0151k. Figyelmeztet\u00e9s: a goly\u00f3k pattoghatnak!<\/p>","protected":false},"featured_media":8137,"template":"","meta":{"_gspb_post_css":""},"product_brand":[],"product_cat":[1850,1851,1824],"product_tag":[],"class_list":{"0":"post-14137","1":"product","2":"type-product","3":"status-publish","4":"has-post-thumbnail","6":"product_cat-mechanicke-zbrane","7":"product_cat-praky","8":"product_cat-zbrane-18-d","10":"first","11":"instock","12":"taxable","13":"shipping-taxable","14":"purchasable","15":"product-type-simple"},"ct_brands":[],"_links":{"self":[{"href":"https:\/\/zbranebudai.sk\/hu\/wp-json\/wp\/v2\/product\/14137","targetHints":{"allow":["GET"]}}],"collection":[{"href":"https:\/\/zbranebudai.sk\/hu\/wp-json\/wp\/v2\/product"}],"about":[{"href":"https:\/\/zbranebudai.sk\/hu\/wp-json\/wp\/v2\/types\/product"}],"wp:featuredmedia":[{"embeddable":true,"href":"https:\/\/zbranebudai.sk\/hu\/wp-json\/wp\/v2\/media\/8137"}],"wp:attachment":[{"href":"https:\/\/zbranebudai.sk\/hu\/wp-json\/wp\/v2\/media?parent=14137"}],"wp:term":[{"taxonomy":"product_brand","embeddable":true,"href":"https:\/\/zbranebudai.sk\/hu\/wp-json\/wp\/v2\/product_brand?post=14137"},{"taxonomy":"product_cat","embeddable":true,"href":"https:\/\/zbranebudai.sk\/hu\/wp-json\/wp\/v2\/product_cat?post=14137"},{"taxonomy":"product_tag","embeddable":true,"href":"https:\/\/zbranebudai.sk\/hu\/wp-json\/wp\/v2\/product_tag?post=14137"}],"curies":[{"name":"wp","href":"https:\/\/api.w.org\/{rel}","templated":true}]}}