{"id":14136,"date":"2025-02-17T17:56:16","date_gmt":"2025-02-17T15:56:16","guid":{"rendered":"https:\/\/zbranebudai.sk\/product\/ruger-precision-rifle-18028-kal-308win\/"},"modified":"2026-04-16T04:08:14","modified_gmt":"2026-04-16T02:08:14","slug":"ruger-precizios-puska-18028-cal-308win","status":"publish","type":"product","link":"https:\/\/zbranebudai.sk\/hu\/product\/ruger-precision-rifle-18028-kal-308win\/","title":{"rendered":"Ruger Precision Rifle 18028, cal. .308Win."},"content":{"rendered":"<p>PARAM\u00c9TEREK:<\/p>\n<p>Cs\u0151hossz: 50,8 cm (20 in)<br \/>\nTeljes hossz: 100 - 108,6 cm<br \/>\nA tart\u00e1ly kapacit\u00e1sa: 10<br \/>\nHord\u00f3 oszt\u00e1s: 1:10<br \/>\nPicatinny s\u00edn: 20 MOA<br \/>\nAnyag: ac\u00e9l<br \/>\n\u00cdg\u00e9ret: \u00d6sszecsukhat\u00f3, \u00e1ll\u00edthat\u00f3<br \/>\nS\u00faly: 4,4 kg<\/p>","protected":false},"excerpt":{"rendered":"<p>Ism\u00e9tl\u0151 puska \u00f6sszecsukhat\u00f3, \u00e1ll\u00edthat\u00f3 sz\u00e1rral \u00e9s hosszabb\u00edt\u00f3 f\u00e9kkel, Picatinny s\u00edn d\u0151l\u00e9ssz\u00f6g 20 MOA, cs\u0151hossz 20\u2033 (50,8 cm), teljes hossz 100 - 108,6 cm, \u00f6sszecsukott hossz 80,3 cm, magass\u00e1g 18,5 cm, sz\u00e9less\u00e9g 8,4 cm, s\u00faly 4,45 kg. K\u00e9t 10 t\u00f6lt\u00e9nyes t\u00e1rat tartalmaz. Ez a puska megtekinthet\u0151 a Beszterceb\u00e1nyai Vad\u00e1sz Teremova \u00fczletben.<\/p>","protected":false},"featured_media":8135,"template":"","meta":{"_gspb_post_css":""},"product_brand":[],"product_cat":[1821,1837,2006,1820],"product_tag":[],"class_list":{"0":"post-14136","1":"product","2":"type-product","3":"status-publish","4":"has-post-thumbnail","6":"product_cat-gulovnice-zbrane-b-c","7":"product_cat-ruger","8":"product_cat-ruger-precision-rifle","9":"product_cat-zbrane-b-c","11":"first","12":"instock","13":"taxable","14":"shipping-taxable","15":"purchasable","16":"product-type-simple"},"ct_brands":[],"_links":{"self":[{"href":"https:\/\/zbranebudai.sk\/hu\/wp-json\/wp\/v2\/product\/14136","targetHints":{"allow":["GET"]}}],"collection":[{"href":"https:\/\/zbranebudai.sk\/hu\/wp-json\/wp\/v2\/product"}],"about":[{"href":"https:\/\/zbranebudai.sk\/hu\/wp-json\/wp\/v2\/types\/product"}],"wp:featuredmedia":[{"embeddable":true,"href":"https:\/\/zbranebudai.sk\/hu\/wp-json\/wp\/v2\/media\/8135"}],"wp:attachment":[{"href":"https:\/\/zbranebudai.sk\/hu\/wp-json\/wp\/v2\/media?parent=14136"}],"wp:term":[{"taxonomy":"product_brand","embeddable":true,"href":"https:\/\/zbranebudai.sk\/hu\/wp-json\/wp\/v2\/product_brand?post=14136"},{"taxonomy":"product_cat","embeddable":true,"href":"https:\/\/zbranebudai.sk\/hu\/wp-json\/wp\/v2\/product_cat?post=14136"},{"taxonomy":"product_tag","embeddable":true,"href":"https:\/\/zbranebudai.sk\/hu\/wp-json\/wp\/v2\/product_tag?post=14136"}],"curies":[{"name":"wp","href":"https:\/\/api.w.org\/{rel}","templated":true}]}}