{"id":14134,"date":"2025-02-17T17:56:16","date_gmt":"2025-02-17T15:56:16","guid":{"rendered":"https:\/\/zbranebudai.sk\/product\/zasobnik-90618-pre-ruger-american-pistol-compact-predlzena-patka\/"},"modified":"2026-04-16T03:42:55","modified_gmt":"2026-04-16T01:42:55","slug":"90618-tar-ruger-amerikai-pisztolyhoz-kompakt-meghosszabbitott-alapra","status":"publish","type":"product","link":"https:\/\/zbranebudai.sk\/hu\/product\/zasobnik-90618-pre-ruger-american-pistol-compact-predlzena-patka\/","title":{"rendered":"90618 t\u00e1r a Ruger American Pistol Compacthoz (hosszabb\u00edtott l\u00e1b)"},"content":{"rendered":"","protected":false},"excerpt":{"rendered":"<p>T\u00e1r Ruger American Pistol Compact, cal. 9mm Luger. A t\u00e1r kapacit\u00e1sa 12 t\u00f6lt\u00e9ny. Meghosszabb\u00edtott talppal ell\u00e1tott t\u00e1r, lapos talppal mell\u00e9kelve.<\/p>","protected":false},"featured_media":8131,"template":"","meta":{"_gspb_post_css":""},"product_brand":[],"product_cat":[1864,1898,1877,1820],"product_tag":[],"class_list":{"0":"post-14134","1":"product","2":"type-product","3":"status-publish","4":"has-post-thumbnail","6":"product_cat-pistole-zbrane-b-c","7":"product_cat-prislusenstvo-ruger-ruger-pistole-zbrane-b-c","8":"product_cat-ruger-pistole-zbrane-b-c","9":"product_cat-zbrane-b-c","11":"first","12":"outofstock","13":"taxable","14":"shipping-taxable","15":"purchasable","16":"product-type-simple"},"ct_brands":[],"_links":{"self":[{"href":"https:\/\/zbranebudai.sk\/hu\/wp-json\/wp\/v2\/product\/14134","targetHints":{"allow":["GET"]}}],"collection":[{"href":"https:\/\/zbranebudai.sk\/hu\/wp-json\/wp\/v2\/product"}],"about":[{"href":"https:\/\/zbranebudai.sk\/hu\/wp-json\/wp\/v2\/types\/product"}],"wp:featuredmedia":[{"embeddable":true,"href":"https:\/\/zbranebudai.sk\/hu\/wp-json\/wp\/v2\/media\/8131"}],"wp:attachment":[{"href":"https:\/\/zbranebudai.sk\/hu\/wp-json\/wp\/v2\/media?parent=14134"}],"wp:term":[{"taxonomy":"product_brand","embeddable":true,"href":"https:\/\/zbranebudai.sk\/hu\/wp-json\/wp\/v2\/product_brand?post=14134"},{"taxonomy":"product_cat","embeddable":true,"href":"https:\/\/zbranebudai.sk\/hu\/wp-json\/wp\/v2\/product_cat?post=14134"},{"taxonomy":"product_tag","embeddable":true,"href":"https:\/\/zbranebudai.sk\/hu\/wp-json\/wp\/v2\/product_tag?post=14134"}],"curies":[{"name":"wp","href":"https:\/\/api.w.org\/{rel}","templated":true}]}}