{"id":14133,"date":"2025-02-17T17:56:16","date_gmt":"2025-02-17T15:56:16","guid":{"rendered":"https:\/\/zbranebudai.sk\/product\/pistolova-rukovat-little-badger-s-cistiacou-sadou-kal-22\/"},"modified":"2026-04-16T05:29:11","modified_gmt":"2026-04-16T03:29:11","slug":"pisztolymarkolat-kis-borz-tisztito-keszlettel-cal-22","status":"publish","type":"product","link":"https:\/\/zbranebudai.sk\/hu\/product\/pistolova-rukovat-little-badger-s-cistiacou-sadou-kal-22\/","title":{"rendered":"Pisztolymarkolat\u00fa Little Badger tiszt\u00edt\u00f3 k\u00e9szlettel cal. .22"},"content":{"rendered":"","protected":false},"excerpt":{"rendered":"<p>A 970.372 pisztolymarkolat a Chiappa Little Badgerhez tartalmaz egy gyapj\u00fa- \u00e9s f\u00e9mkef\u00e9t, valamint egy zsin\u00f3rt a cs\u0151 tiszt\u00edt\u00e1s\u00e1hoz. .22.<\/p>","protected":false},"featured_media":8125,"template":"","meta":{"_gspb_post_css":""},"product_brand":[],"product_cat":[1986,1821,1997,1820],"product_tag":[],"class_list":{"0":"post-14133","1":"product","2":"type-product","3":"status-publish","4":"has-post-thumbnail","6":"product_cat-chiappa-firearms-gulovnice-zbrane-b-c","7":"product_cat-gulovnice-zbrane-b-c","8":"product_cat-prislusenstvo-chiappa-firearms","9":"product_cat-zbrane-b-c","11":"first","12":"instock","13":"taxable","14":"shipping-taxable","15":"purchasable","16":"product-type-simple"},"ct_brands":[],"_links":{"self":[{"href":"https:\/\/zbranebudai.sk\/hu\/wp-json\/wp\/v2\/product\/14133","targetHints":{"allow":["GET"]}}],"collection":[{"href":"https:\/\/zbranebudai.sk\/hu\/wp-json\/wp\/v2\/product"}],"about":[{"href":"https:\/\/zbranebudai.sk\/hu\/wp-json\/wp\/v2\/types\/product"}],"wp:featuredmedia":[{"embeddable":true,"href":"https:\/\/zbranebudai.sk\/hu\/wp-json\/wp\/v2\/media\/8125"}],"wp:attachment":[{"href":"https:\/\/zbranebudai.sk\/hu\/wp-json\/wp\/v2\/media?parent=14133"}],"wp:term":[{"taxonomy":"product_brand","embeddable":true,"href":"https:\/\/zbranebudai.sk\/hu\/wp-json\/wp\/v2\/product_brand?post=14133"},{"taxonomy":"product_cat","embeddable":true,"href":"https:\/\/zbranebudai.sk\/hu\/wp-json\/wp\/v2\/product_cat?post=14133"},{"taxonomy":"product_tag","embeddable":true,"href":"https:\/\/zbranebudai.sk\/hu\/wp-json\/wp\/v2\/product_tag?post=14133"}],"curies":[{"name":"wp","href":"https:\/\/api.w.org\/{rel}","templated":true}]}}