{"id":14131,"date":"2025-02-17T17:56:16","date_gmt":"2025-02-17T15:56:16","guid":{"rendered":"https:\/\/zbranebudai.sk\/product\/rukovat-s-vybranim-pre-spinac-cierna\/"},"modified":"2026-04-16T04:25:55","modified_gmt":"2026-04-16T02:25:55","slug":"huvely-a-porgettyuhoz-fekete-szinu","status":"publish","type":"product","link":"https:\/\/zbranebudai.sk\/hu\/product\/rukovat-s-vybranim-pre-spinac-cierna\/","title":{"rendered":"Foganty\u00fa a kapcsol\u00f3 sz\u00e1m\u00e1ra, fekete"},"content":{"rendered":"","protected":false},"excerpt":{"rendered":"<p>Foganty\u00fa a kapcsol\u00f3 sz\u00e1m\u00e1ra HK SP5K, MR223, MR308 sz\u00e1m\u00e1ra<\/p>","protected":false},"featured_media":8121,"template":"","meta":{"_gspb_post_css":""},"product_brand":[],"product_cat":[1821,1867,1932,1820],"product_tag":[],"class_list":{"0":"post-14131","1":"product","2":"type-product","3":"status-publish","4":"has-post-thumbnail","6":"product_cat-gulovnice-zbrane-b-c","7":"product_cat-heckler-koch-gulovnice-zbrane-b-c","8":"product_cat-prislusenstvo-hk","9":"product_cat-zbrane-b-c","11":"first","12":"outofstock","13":"taxable","14":"shipping-taxable","15":"purchasable","16":"product-type-simple"},"ct_brands":[],"_links":{"self":[{"href":"https:\/\/zbranebudai.sk\/hu\/wp-json\/wp\/v2\/product\/14131","targetHints":{"allow":["GET"]}}],"collection":[{"href":"https:\/\/zbranebudai.sk\/hu\/wp-json\/wp\/v2\/product"}],"about":[{"href":"https:\/\/zbranebudai.sk\/hu\/wp-json\/wp\/v2\/types\/product"}],"wp:featuredmedia":[{"embeddable":true,"href":"https:\/\/zbranebudai.sk\/hu\/wp-json\/wp\/v2\/media\/8121"}],"wp:attachment":[{"href":"https:\/\/zbranebudai.sk\/hu\/wp-json\/wp\/v2\/media?parent=14131"}],"wp:term":[{"taxonomy":"product_brand","embeddable":true,"href":"https:\/\/zbranebudai.sk\/hu\/wp-json\/wp\/v2\/product_brand?post=14131"},{"taxonomy":"product_cat","embeddable":true,"href":"https:\/\/zbranebudai.sk\/hu\/wp-json\/wp\/v2\/product_cat?post=14131"},{"taxonomy":"product_tag","embeddable":true,"href":"https:\/\/zbranebudai.sk\/hu\/wp-json\/wp\/v2\/product_tag?post=14131"}],"curies":[{"name":"wp","href":"https:\/\/api.w.org\/{rel}","templated":true}]}}