{"id":14130,"date":"2025-02-17T17:56:15","date_gmt":"2025-02-17T15:56:15","guid":{"rendered":"https:\/\/zbranebudai.sk\/product\/krytka-zavitu-ustia-hlavne-hk-13-5x1-l\/"},"modified":"2026-04-01T23:01:13","modified_gmt":"2026-04-01T21:01:13","slug":"hk-13-5x1-hk-13-5x1-l","status":"publish","type":"product","link":"https:\/\/zbranebudai.sk\/hu\/product\/krytka-zavitu-ustia-hlavne-hk-13-5x1-l\/","title":{"rendered":"H&amp;K cs\u0151menetes sapka, 13,5\u00d71 L"},"content":{"rendered":"","protected":false},"excerpt":{"rendered":"<p>Cs\u0151menetes sapka a cs\u0151sz\u00e1jhoz cal. 9\u00d719 H&amp;K pisztolyokhoz.<\/p>","protected":false},"featured_media":8105,"template":"","meta":{"_gspb_post_css":""},"product_brand":[],"product_cat":[1865,1949,1864,1888,1820],"product_tag":[],"class_list":{"0":"post-14130","1":"product","2":"type-product","3":"status-publish","4":"has-post-thumbnail","6":"product_cat-heckler-koch-pistole-zbrane-b-c","7":"product_cat-nahradne-diely-prislusenstvo-heckler-koch","8":"product_cat-pistole-zbrane-b-c","9":"product_cat-prislusenstvo-heckler-koch","10":"product_cat-zbrane-b-c","12":"first","13":"instock","14":"taxable","15":"shipping-taxable","16":"purchasable","17":"product-type-simple"},"ct_brands":[],"_links":{"self":[{"href":"https:\/\/zbranebudai.sk\/hu\/wp-json\/wp\/v2\/product\/14130","targetHints":{"allow":["GET"]}}],"collection":[{"href":"https:\/\/zbranebudai.sk\/hu\/wp-json\/wp\/v2\/product"}],"about":[{"href":"https:\/\/zbranebudai.sk\/hu\/wp-json\/wp\/v2\/types\/product"}],"wp:featuredmedia":[{"embeddable":true,"href":"https:\/\/zbranebudai.sk\/hu\/wp-json\/wp\/v2\/media\/8105"}],"wp:attachment":[{"href":"https:\/\/zbranebudai.sk\/hu\/wp-json\/wp\/v2\/media?parent=14130"}],"wp:term":[{"taxonomy":"product_brand","embeddable":true,"href":"https:\/\/zbranebudai.sk\/hu\/wp-json\/wp\/v2\/product_brand?post=14130"},{"taxonomy":"product_cat","embeddable":true,"href":"https:\/\/zbranebudai.sk\/hu\/wp-json\/wp\/v2\/product_cat?post=14130"},{"taxonomy":"product_tag","embeddable":true,"href":"https:\/\/zbranebudai.sk\/hu\/wp-json\/wp\/v2\/product_tag?post=14130"}],"curies":[{"name":"wp","href":"https:\/\/api.w.org\/{rel}","templated":true}]}}