{"id":14112,"date":"2025-02-17T17:56:13","date_gmt":"2025-02-17T15:56:13","guid":{"rendered":"https:\/\/zbranebudai.sk\/product\/pruzina-tiahla-spuste-sfp9-sf\/"},"modified":"2026-04-09T01:37:55","modified_gmt":"2026-04-08T23:37:55","slug":"kioldorud-rugo-sfp9-sf","status":"publish","type":"product","link":"https:\/\/zbranebudai.sk\/hu\/product\/pruzina-tiahla-spuste-sfp9-sf\/","title":{"rendered":"SFP9-SF ravaszh\u00faz\u00f3 rug\u00f3"},"content":{"rendered":"","protected":false},"excerpt":{"rendered":"","protected":false},"featured_media":0,"template":"","meta":{"_gspb_post_css":""},"product_brand":[],"product_cat":[1865,1949,1864,1888,1820],"product_tag":[],"class_list":{"0":"post-14112","1":"product","2":"type-product","3":"status-publish","5":"product_cat-heckler-koch-pistole-zbrane-b-c","6":"product_cat-nahradne-diely-prislusenstvo-heckler-koch","7":"product_cat-pistole-zbrane-b-c","8":"product_cat-prislusenstvo-heckler-koch","9":"product_cat-zbrane-b-c","11":"first","12":"instock","13":"taxable","14":"shipping-taxable","15":"purchasable","16":"product-type-simple"},"ct_brands":[],"_links":{"self":[{"href":"https:\/\/zbranebudai.sk\/hu\/wp-json\/wp\/v2\/product\/14112","targetHints":{"allow":["GET"]}}],"collection":[{"href":"https:\/\/zbranebudai.sk\/hu\/wp-json\/wp\/v2\/product"}],"about":[{"href":"https:\/\/zbranebudai.sk\/hu\/wp-json\/wp\/v2\/types\/product"}],"wp:attachment":[{"href":"https:\/\/zbranebudai.sk\/hu\/wp-json\/wp\/v2\/media?parent=14112"}],"wp:term":[{"taxonomy":"product_brand","embeddable":true,"href":"https:\/\/zbranebudai.sk\/hu\/wp-json\/wp\/v2\/product_brand?post=14112"},{"taxonomy":"product_cat","embeddable":true,"href":"https:\/\/zbranebudai.sk\/hu\/wp-json\/wp\/v2\/product_cat?post=14112"},{"taxonomy":"product_tag","embeddable":true,"href":"https:\/\/zbranebudai.sk\/hu\/wp-json\/wp\/v2\/product_tag?post=14112"}],"curies":[{"name":"wp","href":"https:\/\/api.w.org\/{rel}","templated":true}]}}