{"id":14108,"date":"2025-02-17T17:56:12","date_gmt":"2025-02-17T15:56:12","guid":{"rendered":"https:\/\/zbranebudai.sk\/product\/udernik-ruger-lcr-lcr04800\/"},"modified":"2026-04-30T10:11:13","modified_gmt":"2026-04-30T08:11:13","slug":"ruger-lcr-lcr04800","status":"publish","type":"product","link":"https:\/\/zbranebudai.sk\/hu\/product\/udernik-ruger-lcr-lcr04800\/","title":{"rendered":"Ruger LCR striker (LCR04800)"},"content":{"rendered":"","protected":false},"excerpt":{"rendered":"<p>\u00dctk\u00f6z\u0151 Ruger LCR revolverekhez<\/p>","protected":false},"featured_media":0,"template":"","meta":{"_gspb_post_css":""},"product_brand":[],"product_cat":[1917,1858,1859,1820],"product_tag":[],"class_list":{"0":"post-14108","1":"product","2":"type-product","3":"status-publish","5":"product_cat-prislusenstvo-ruger-ruger-revolvery-zbrane-b-c","6":"product_cat-revolvery-zbrane-b-c","7":"product_cat-ruger-revolvery-zbrane-b-c","8":"product_cat-zbrane-b-c","10":"first","11":"outofstock","12":"taxable","13":"shipping-taxable","14":"purchasable","15":"product-type-simple"},"ct_brands":[],"_links":{"self":[{"href":"https:\/\/zbranebudai.sk\/hu\/wp-json\/wp\/v2\/product\/14108","targetHints":{"allow":["GET"]}}],"collection":[{"href":"https:\/\/zbranebudai.sk\/hu\/wp-json\/wp\/v2\/product"}],"about":[{"href":"https:\/\/zbranebudai.sk\/hu\/wp-json\/wp\/v2\/types\/product"}],"wp:attachment":[{"href":"https:\/\/zbranebudai.sk\/hu\/wp-json\/wp\/v2\/media?parent=14108"}],"wp:term":[{"taxonomy":"product_brand","embeddable":true,"href":"https:\/\/zbranebudai.sk\/hu\/wp-json\/wp\/v2\/product_brand?post=14108"},{"taxonomy":"product_cat","embeddable":true,"href":"https:\/\/zbranebudai.sk\/hu\/wp-json\/wp\/v2\/product_cat?post=14108"},{"taxonomy":"product_tag","embeddable":true,"href":"https:\/\/zbranebudai.sk\/hu\/wp-json\/wp\/v2\/product_tag?post=14108"}],"curies":[{"name":"wp","href":"https:\/\/api.w.org\/{rel}","templated":true}]}}