{"id":14104,"date":"2025-02-17T17:56:12","date_gmt":"2025-02-17T15:56:12","guid":{"rendered":"https:\/\/zbranebudai.sk\/product\/ruger-mark-iv-standard-40104-kal-22lr\/"},"modified":"2026-04-16T03:41:54","modified_gmt":"2026-04-16T01:41:54","slug":"ruger-mark-iv-standard-40104-cal-22lr","status":"publish","type":"product","link":"https:\/\/zbranebudai.sk\/hu\/product\/ruger-mark-iv-standard-40104-kal-22lr\/","title":{"rendered":"Ruger Mark IV Standard 40104, kal. .22LR"},"content":{"rendered":"","protected":false},"excerpt":{"rendered":"<p>Kal. .22 LR, fekete, cs\u0151 hossza 4,75\u2033 (12 cm), teljes hossza 13,70 cm, s\u00falya 800 g, fix ir\u00e1nyz\u00e9k, t\u00e1rkapacit\u00e1s 10 t\u00f6lt\u00e9ny, k\u00e9t 10 t\u00f6lt\u00e9nyes t\u00e1rat tartalmaz.<\/p>","protected":false},"featured_media":8048,"template":"","meta":{"_gspb_post_css":""},"product_brand":[],"product_cat":[1895,1864,1877,1820],"product_tag":[],"class_list":{"0":"post-14104","1":"product","2":"type-product","3":"status-publish","4":"has-post-thumbnail","6":"product_cat-mark-iv","7":"product_cat-pistole-zbrane-b-c","8":"product_cat-ruger-pistole-zbrane-b-c","9":"product_cat-zbrane-b-c","11":"first","12":"instock","13":"taxable","14":"shipping-taxable","15":"purchasable","16":"product-type-simple"},"ct_brands":[],"_links":{"self":[{"href":"https:\/\/zbranebudai.sk\/hu\/wp-json\/wp\/v2\/product\/14104","targetHints":{"allow":["GET"]}}],"collection":[{"href":"https:\/\/zbranebudai.sk\/hu\/wp-json\/wp\/v2\/product"}],"about":[{"href":"https:\/\/zbranebudai.sk\/hu\/wp-json\/wp\/v2\/types\/product"}],"wp:featuredmedia":[{"embeddable":true,"href":"https:\/\/zbranebudai.sk\/hu\/wp-json\/wp\/v2\/media\/8048"}],"wp:attachment":[{"href":"https:\/\/zbranebudai.sk\/hu\/wp-json\/wp\/v2\/media?parent=14104"}],"wp:term":[{"taxonomy":"product_brand","embeddable":true,"href":"https:\/\/zbranebudai.sk\/hu\/wp-json\/wp\/v2\/product_brand?post=14104"},{"taxonomy":"product_cat","embeddable":true,"href":"https:\/\/zbranebudai.sk\/hu\/wp-json\/wp\/v2\/product_cat?post=14104"},{"taxonomy":"product_tag","embeddable":true,"href":"https:\/\/zbranebudai.sk\/hu\/wp-json\/wp\/v2\/product_tag?post=14104"}],"curies":[{"name":"wp","href":"https:\/\/api.w.org\/{rel}","templated":true}]}}