{"id":14102,"date":"2025-02-17T17:56:12","date_gmt":"2025-02-17T15:56:12","guid":{"rendered":"https:\/\/zbranebudai.sk\/product\/ruger-mark-iv-tactical-40150-kal-22lr\/"},"modified":"2026-04-16T03:35:59","modified_gmt":"2026-04-16T01:35:59","slug":"ruger-mark-iv-taktikai-40150-cal-22lr","status":"publish","type":"product","link":"https:\/\/zbranebudai.sk\/hu\/product\/ruger-mark-iv-tactical-40150-kal-22lr\/","title":{"rendered":"Ruger Mark IV Tactical 40150, cal. .22LR"},"content":{"rendered":"<p>Alum\u00ednium foganty\u00fa.<\/p>","protected":false},"excerpt":{"rendered":"<p>Pistol Tactical 40150 - fekete, cal. .22LR, 4,4\u2033 (11 cm) cs\u0151, 21,6 cm teljes hossza, 981 g s\u00faly, 10-es kapacit\u00e1s, menetes cs\u0151, fels\u0151 \u00e9s als\u00f3 Picactinny s\u00edn optika \u00e9s egy\u00e9b taktikai kieg\u00e9sz\u00edt\u0151k r\u00f6gz\u00edt\u00e9s\u00e9re, oldals\u00f3 \u00e9s magass\u00e1gban \u00e1ll\u00edthat\u00f3 ir\u00e1nyz\u00e9k, fekete halsz\u00e1lk\u00e1s sz\u00e1r, a csomag k\u00e9t 10 l\u00f6v\u00e9ses t\u00e1rat tartalmaz. A k\u00e9szletet 2024 augusztus\u00e1ban t\u00f6ltj\u00fck fel.<\/p>","protected":false},"featured_media":8044,"template":"","meta":{"_gspb_post_css":""},"product_brand":[],"product_cat":[1895,1864,1877,1820],"product_tag":[],"class_list":{"0":"post-14102","1":"product","2":"type-product","3":"status-publish","4":"has-post-thumbnail","6":"product_cat-mark-iv","7":"product_cat-pistole-zbrane-b-c","8":"product_cat-ruger-pistole-zbrane-b-c","9":"product_cat-zbrane-b-c","11":"first","12":"instock","13":"taxable","14":"shipping-taxable","15":"purchasable","16":"product-type-simple"},"ct_brands":[],"_links":{"self":[{"href":"https:\/\/zbranebudai.sk\/hu\/wp-json\/wp\/v2\/product\/14102","targetHints":{"allow":["GET"]}}],"collection":[{"href":"https:\/\/zbranebudai.sk\/hu\/wp-json\/wp\/v2\/product"}],"about":[{"href":"https:\/\/zbranebudai.sk\/hu\/wp-json\/wp\/v2\/types\/product"}],"wp:featuredmedia":[{"embeddable":true,"href":"https:\/\/zbranebudai.sk\/hu\/wp-json\/wp\/v2\/media\/8044"}],"wp:attachment":[{"href":"https:\/\/zbranebudai.sk\/hu\/wp-json\/wp\/v2\/media?parent=14102"}],"wp:term":[{"taxonomy":"product_brand","embeddable":true,"href":"https:\/\/zbranebudai.sk\/hu\/wp-json\/wp\/v2\/product_brand?post=14102"},{"taxonomy":"product_cat","embeddable":true,"href":"https:\/\/zbranebudai.sk\/hu\/wp-json\/wp\/v2\/product_cat?post=14102"},{"taxonomy":"product_tag","embeddable":true,"href":"https:\/\/zbranebudai.sk\/hu\/wp-json\/wp\/v2\/product_tag?post=14102"}],"curies":[{"name":"wp","href":"https:\/\/api.w.org\/{rel}","templated":true}]}}