{"id":14099,"date":"2025-02-17T17:56:09","date_gmt":"2025-02-17T15:56:09","guid":{"rendered":"https:\/\/zbranebudai.sk\/product\/ruger-sp101-match-champion-5782-kal-357mag\/"},"modified":"2026-04-16T04:10:54","modified_gmt":"2026-04-16T02:10:54","slug":"ruger-sp101-match-champion-5782-cal-357mag","status":"publish","type":"product","link":"https:\/\/zbranebudai.sk\/hu\/product\/ruger-sp101-match-champion-5782-kal-357mag\/","title":{"rendered":"Ruger SP101 Match Champion 5782, kal. .357Mag."},"content":{"rendered":"<p>PARAM\u00c9TEREK:<\/p>\n<p>Kapacit\u00e1s: 5 t\u00f6lt\u00e9ny<br \/>\nCs\u0151hossz: 107 mm (4.2\u2033)<br \/>\nTeljes hossz: 232 mm<br \/>\nCs\u0151oszt\u00e1s: 1:16\u2033 RH<br \/>\nAnyag: ac\u00e9l: pol\u00edrozott rozsdamentes ac\u00e9l<br \/>\nS\u00faly: 850 g<\/p>","protected":false},"excerpt":{"rendered":"<p>A Ruger SP101 Match Champion 5782 duplacs\u00f6v\u0171 revolver 4,2 h\u00fcvelykes, 11\u00b0-os koron\u00e1val ell\u00e1tott teljes cs\u0151vel rendelkezik a versenyszint\u0171 pontoss\u00e1g \u00e9rdek\u00e9ben. A pol\u00edrozott \u00e9s optimaliz\u00e1lt bels\u0151 r\u00e9szek, a ravaszon l\u00e9v\u0151 centr\u00e1l\u00f3fej \u00e9s a kalap\u00e1cson l\u00e9v\u0151 centr\u00e1l\u00f3bet\u00e9tek biztos\u00edtj\u00e1k a sima dupla-akci\u00f3s ravaszm\u0171k\u00f6d\u00e9st \u00e9s az \u00e9les, k\u00f6vetkezetes kiold\u00e1st. A k\u00fcls\u0151 \u00fct\u0151kakas lehet\u0151v\u00e9 teszi az egyszeri t\u00fczel\u00e9st. Sz\u00e1loptik\u00e1s el\u00fcls\u0151 ir\u00e1nyz\u00e9k \u00e9s \u00e1ll\u00edthat\u00f3 c\u00e9lt\u00e1vcs\u0151. Egyedi Altamont kem\u00e9nyfa markolat megk\u00fcl\u00f6nb\u00f6ztet\u0151 text\u00far\u00e1val lehet\u0151v\u00e9 teszi az ide\u00e1lis fog\u00e1st minden l\u00f6v\u00e9si helyzetben.<\/p>","protected":false},"featured_media":8038,"template":"","meta":{"_gspb_post_css":""},"product_brand":[],"product_cat":[1858,1859,1860,1820],"product_tag":[],"class_list":{"0":"post-14099","1":"product","2":"type-product","3":"status-publish","4":"has-post-thumbnail","6":"product_cat-revolvery-zbrane-b-c","7":"product_cat-ruger-revolvery-zbrane-b-c","8":"product_cat-ruger-sp101","9":"product_cat-zbrane-b-c","11":"first","12":"instock","13":"taxable","14":"shipping-taxable","15":"purchasable","16":"product-type-simple"},"ct_brands":[],"_links":{"self":[{"href":"https:\/\/zbranebudai.sk\/hu\/wp-json\/wp\/v2\/product\/14099","targetHints":{"allow":["GET"]}}],"collection":[{"href":"https:\/\/zbranebudai.sk\/hu\/wp-json\/wp\/v2\/product"}],"about":[{"href":"https:\/\/zbranebudai.sk\/hu\/wp-json\/wp\/v2\/types\/product"}],"wp:featuredmedia":[{"embeddable":true,"href":"https:\/\/zbranebudai.sk\/hu\/wp-json\/wp\/v2\/media\/8038"}],"wp:attachment":[{"href":"https:\/\/zbranebudai.sk\/hu\/wp-json\/wp\/v2\/media?parent=14099"}],"wp:term":[{"taxonomy":"product_brand","embeddable":true,"href":"https:\/\/zbranebudai.sk\/hu\/wp-json\/wp\/v2\/product_brand?post=14099"},{"taxonomy":"product_cat","embeddable":true,"href":"https:\/\/zbranebudai.sk\/hu\/wp-json\/wp\/v2\/product_cat?post=14099"},{"taxonomy":"product_tag","embeddable":true,"href":"https:\/\/zbranebudai.sk\/hu\/wp-json\/wp\/v2\/product_tag?post=14099"}],"curies":[{"name":"wp","href":"https:\/\/api.w.org\/{rel}","templated":true}]}}