{"id":14097,"date":"2025-02-17T17:56:09","date_gmt":"2025-02-17T15:56:09","guid":{"rendered":"https:\/\/zbranebudai.sk\/product\/krytka-zavitu-ustia-hlavne-sako-tikka-18x1-fosfat\/"},"modified":"2026-04-01T23:43:11","modified_gmt":"2026-04-01T21:43:11","slug":"csokupak-a-tikka-18x1-foszfat-csofedelhez","status":"publish","type":"product","link":"https:\/\/zbranebudai.sk\/hu\/product\/krytka-zavitu-ustia-hlavne-sako-tikka-18x1-fosfat\/","title":{"rendered":"SAKO\/TIKKA cs\u0151menetes sapka, 18\u00d71 - foszf\u00e1t"},"content":{"rendered":"","protected":false},"excerpt":{"rendered":"","protected":false},"featured_media":8034,"template":"","meta":{"_gspb_post_css":""},"product_brand":[],"product_cat":[1821,1981,1928,1822,1820],"product_tag":[],"class_list":{"0":"post-14097","1":"product","2":"type-product","3":"status-publish","4":"has-post-thumbnail","6":"product_cat-gulovnice-zbrane-b-c","7":"product_cat-nd-prislusenstvo-sako","8":"product_cat-prislusenstvo-sako","9":"product_cat-sako","10":"product_cat-zbrane-b-c","12":"first","13":"outofstock","14":"taxable","15":"shipping-taxable","16":"purchasable","17":"product-type-simple"},"ct_brands":[],"_links":{"self":[{"href":"https:\/\/zbranebudai.sk\/hu\/wp-json\/wp\/v2\/product\/14097","targetHints":{"allow":["GET"]}}],"collection":[{"href":"https:\/\/zbranebudai.sk\/hu\/wp-json\/wp\/v2\/product"}],"about":[{"href":"https:\/\/zbranebudai.sk\/hu\/wp-json\/wp\/v2\/types\/product"}],"wp:featuredmedia":[{"embeddable":true,"href":"https:\/\/zbranebudai.sk\/hu\/wp-json\/wp\/v2\/media\/8034"}],"wp:attachment":[{"href":"https:\/\/zbranebudai.sk\/hu\/wp-json\/wp\/v2\/media?parent=14097"}],"wp:term":[{"taxonomy":"product_brand","embeddable":true,"href":"https:\/\/zbranebudai.sk\/hu\/wp-json\/wp\/v2\/product_brand?post=14097"},{"taxonomy":"product_cat","embeddable":true,"href":"https:\/\/zbranebudai.sk\/hu\/wp-json\/wp\/v2\/product_cat?post=14097"},{"taxonomy":"product_tag","embeddable":true,"href":"https:\/\/zbranebudai.sk\/hu\/wp-json\/wp\/v2\/product_tag?post=14097"}],"curies":[{"name":"wp","href":"https:\/\/api.w.org\/{rel}","templated":true}]}}