{"id":14095,"date":"2025-02-17T17:56:09","date_gmt":"2025-02-17T15:56:09","guid":{"rendered":"https:\/\/zbranebudai.sk\/product\/picatinny-lista-contessa-tikka-t3-t3x-20-moa\/"},"modified":"2026-04-23T06:57:17","modified_gmt":"2026-04-23T04:57:17","slug":"picatinny-lista-contessa-tikka-t3-t3x-20-moa","status":"publish","type":"product","link":"https:\/\/zbranebudai.sk\/hu\/product\/picatinny-lista-contessa-tikka-t3-t3x-20-moa\/","title":{"rendered":"Contessa Tikka T3\/T3x Picatinny s\u00edn, 20 MOA"},"content":{"rendered":"","protected":false},"excerpt":{"rendered":"<p>Ac\u00e9l Picatinny s\u00edn a Contessa \u00e1ltal Tikka T3\/T3x pusk\u00e1khoz. Meredeks\u00e9g 20 MOA, teljes hossz 14,8 cm. Olaszorsz\u00e1gban k\u00e9sz\u00fclt.<\/p>","protected":false},"featured_media":8028,"template":"","meta":{"_gspb_post_css":""},"product_brand":[],"product_cat":[1879,1821,1855,1854,1820],"product_tag":[],"class_list":{"0":"post-14095","1":"product","2":"type-product","3":"status-publish","4":"has-post-thumbnail","6":"product_cat-doplnky","7":"product_cat-gulovnice-zbrane-b-c","8":"product_cat-prislusenstvo-tikka","9":"product_cat-tikka","10":"product_cat-zbrane-b-c","12":"first","13":"instock","14":"taxable","15":"shipping-taxable","16":"purchasable","17":"product-type-simple"},"ct_brands":[],"_links":{"self":[{"href":"https:\/\/zbranebudai.sk\/hu\/wp-json\/wp\/v2\/product\/14095","targetHints":{"allow":["GET"]}}],"collection":[{"href":"https:\/\/zbranebudai.sk\/hu\/wp-json\/wp\/v2\/product"}],"about":[{"href":"https:\/\/zbranebudai.sk\/hu\/wp-json\/wp\/v2\/types\/product"}],"wp:featuredmedia":[{"embeddable":true,"href":"https:\/\/zbranebudai.sk\/hu\/wp-json\/wp\/v2\/media\/8028"}],"wp:attachment":[{"href":"https:\/\/zbranebudai.sk\/hu\/wp-json\/wp\/v2\/media?parent=14095"}],"wp:term":[{"taxonomy":"product_brand","embeddable":true,"href":"https:\/\/zbranebudai.sk\/hu\/wp-json\/wp\/v2\/product_brand?post=14095"},{"taxonomy":"product_cat","embeddable":true,"href":"https:\/\/zbranebudai.sk\/hu\/wp-json\/wp\/v2\/product_cat?post=14095"},{"taxonomy":"product_tag","embeddable":true,"href":"https:\/\/zbranebudai.sk\/hu\/wp-json\/wp\/v2\/product_tag?post=14095"}],"curies":[{"name":"wp","href":"https:\/\/api.w.org\/{rel}","templated":true}]}}