{"id":14094,"date":"2025-02-17T17:56:09","date_gmt":"2025-02-17T15:56:09","guid":{"rendered":"https:\/\/zbranebudai.sk\/product\/adapter-na-zasobniky-glock-pre-chiappa-pak-9-rak-9\/"},"modified":"2026-04-09T00:52:53","modified_gmt":"2026-04-08T22:52:53","slug":"glock-taradapter-chiappa-pak-9-rak-9-hez","status":"publish","type":"product","link":"https:\/\/zbranebudai.sk\/hu\/product\/adapter-na-zasobniky-glock-pre-chiappa-pak-9-rak-9\/","title":{"rendered":"Adapter Glock t\u00e1rakhoz a Chiappa PAK-9 \/ RAK-9 t\u00e1rakhoz"},"content":{"rendered":"","protected":false},"excerpt":{"rendered":"<p>Az adapter lehet\u0151v\u00e9 teszi a Glock 9\u00d719-es t\u00e1rak haszn\u00e1lat\u00e1t a Chiappa PAK-9 \u00e9s RAK-9 pisztolyokban.<\/p>","protected":false},"featured_media":8026,"template":"","meta":{"_gspb_post_css":""},"product_brand":[],"product_cat":[1994,1864,2005,1820],"product_tag":[],"class_list":{"0":"post-14094","1":"product","2":"type-product","3":"status-publish","4":"has-post-thumbnail","6":"product_cat-chiappa-firearms-pistole-zbrane-b-c","7":"product_cat-pistole-zbrane-b-c","8":"product_cat-prislusenstvo-chiappa-firearms-chiappa-firearms-pistole-zbrane-b-c","9":"product_cat-zbrane-b-c","11":"first","12":"instock","13":"taxable","14":"shipping-taxable","15":"purchasable","16":"product-type-simple"},"ct_brands":[],"_links":{"self":[{"href":"https:\/\/zbranebudai.sk\/hu\/wp-json\/wp\/v2\/product\/14094","targetHints":{"allow":["GET"]}}],"collection":[{"href":"https:\/\/zbranebudai.sk\/hu\/wp-json\/wp\/v2\/product"}],"about":[{"href":"https:\/\/zbranebudai.sk\/hu\/wp-json\/wp\/v2\/types\/product"}],"wp:featuredmedia":[{"embeddable":true,"href":"https:\/\/zbranebudai.sk\/hu\/wp-json\/wp\/v2\/media\/8026"}],"wp:attachment":[{"href":"https:\/\/zbranebudai.sk\/hu\/wp-json\/wp\/v2\/media?parent=14094"}],"wp:term":[{"taxonomy":"product_brand","embeddable":true,"href":"https:\/\/zbranebudai.sk\/hu\/wp-json\/wp\/v2\/product_brand?post=14094"},{"taxonomy":"product_cat","embeddable":true,"href":"https:\/\/zbranebudai.sk\/hu\/wp-json\/wp\/v2\/product_cat?post=14094"},{"taxonomy":"product_tag","embeddable":true,"href":"https:\/\/zbranebudai.sk\/hu\/wp-json\/wp\/v2\/product_tag?post=14094"}],"curies":[{"name":"wp","href":"https:\/\/api.w.org\/{rel}","templated":true}]}}