{"id":14092,"date":"2025-02-17T17:56:09","date_gmt":"2025-02-17T15:56:09","guid":{"rendered":"https:\/\/zbranebudai.sk\/product\/picatinny-lista-tikka-t3x-t3-nerezova\/"},"modified":"2026-04-09T01:45:55","modified_gmt":"2026-04-08T23:45:55","slug":"pikatinny-penge-tikka-t3x-t3-rozsdamentes-acelbol","status":"publish","type":"product","link":"https:\/\/zbranebudai.sk\/hu\/product\/picatinny-lista-tikka-t3x-t3-nerezova\/","title":{"rendered":"Picatinny s\u00edn Tikka T3x\/T3 rozsdamentes ac\u00e9lb\u00f3l"},"content":{"rendered":"","protected":false},"excerpt":{"rendered":"<p>Rozsdamentes ac\u00e9l pikatinny s\u00edn Tikka T3x \u00e9s T3 goly\u00f3scsap\u00e1gyhoz.<\/p>","protected":false},"featured_media":8014,"template":"","meta":{"_gspb_post_css":""},"product_brand":[],"product_cat":[1879,1821,1855,1854,1820],"product_tag":[],"class_list":{"0":"post-14092","1":"product","2":"type-product","3":"status-publish","4":"has-post-thumbnail","6":"product_cat-doplnky","7":"product_cat-gulovnice-zbrane-b-c","8":"product_cat-prislusenstvo-tikka","9":"product_cat-tikka","10":"product_cat-zbrane-b-c","12":"first","13":"instock","14":"taxable","15":"shipping-taxable","16":"purchasable","17":"product-type-simple"},"ct_brands":[],"_links":{"self":[{"href":"https:\/\/zbranebudai.sk\/hu\/wp-json\/wp\/v2\/product\/14092","targetHints":{"allow":["GET"]}}],"collection":[{"href":"https:\/\/zbranebudai.sk\/hu\/wp-json\/wp\/v2\/product"}],"about":[{"href":"https:\/\/zbranebudai.sk\/hu\/wp-json\/wp\/v2\/types\/product"}],"wp:featuredmedia":[{"embeddable":true,"href":"https:\/\/zbranebudai.sk\/hu\/wp-json\/wp\/v2\/media\/8014"}],"wp:attachment":[{"href":"https:\/\/zbranebudai.sk\/hu\/wp-json\/wp\/v2\/media?parent=14092"}],"wp:term":[{"taxonomy":"product_brand","embeddable":true,"href":"https:\/\/zbranebudai.sk\/hu\/wp-json\/wp\/v2\/product_brand?post=14092"},{"taxonomy":"product_cat","embeddable":true,"href":"https:\/\/zbranebudai.sk\/hu\/wp-json\/wp\/v2\/product_cat?post=14092"},{"taxonomy":"product_tag","embeddable":true,"href":"https:\/\/zbranebudai.sk\/hu\/wp-json\/wp\/v2\/product_tag?post=14092"}],"curies":[{"name":"wp","href":"https:\/\/api.w.org\/{rel}","templated":true}]}}