{"id":14083,"date":"2025-02-17T17:56:07","date_gmt":"2025-02-17T15:56:07","guid":{"rendered":"https:\/\/zbranebudai.sk\/product\/krytka-zavitu-ustia-hlavne-sako-tikka-14x1-nerez\/"},"modified":"2026-05-07T13:10:03","modified_gmt":"2026-05-07T11:10:03","slug":"sapka-a-csohoz-burkolat-a-kabatcsohoz-tikka-14x1-rozsdamentes-acelbol","status":"publish","type":"product","link":"https:\/\/zbranebudai.sk\/hu\/product\/krytka-zavitu-ustia-hlavne-sako-tikka-14x1-nerez\/","title":{"rendered":"SAKO\/TIKKA cs\u0151menetes sapka, 14\u00d71 - rozsdamentes ac\u00e9l"},"content":{"rendered":"","protected":false},"excerpt":{"rendered":"","protected":false},"featured_media":7993,"template":"","meta":{"_gspb_post_css":""},"product_brand":[],"product_cat":[1821,1981,1928,1822,1820],"product_tag":[],"class_list":{"0":"post-14083","1":"product","2":"type-product","3":"status-publish","4":"has-post-thumbnail","6":"product_cat-gulovnice-zbrane-b-c","7":"product_cat-nd-prislusenstvo-sako","8":"product_cat-prislusenstvo-sako","9":"product_cat-sako","10":"product_cat-zbrane-b-c","12":"first","13":"outofstock","14":"taxable","15":"shipping-taxable","16":"purchasable","17":"product-type-simple"},"ct_brands":[],"_links":{"self":[{"href":"https:\/\/zbranebudai.sk\/hu\/wp-json\/wp\/v2\/product\/14083","targetHints":{"allow":["GET"]}}],"collection":[{"href":"https:\/\/zbranebudai.sk\/hu\/wp-json\/wp\/v2\/product"}],"about":[{"href":"https:\/\/zbranebudai.sk\/hu\/wp-json\/wp\/v2\/types\/product"}],"wp:featuredmedia":[{"embeddable":true,"href":"https:\/\/zbranebudai.sk\/hu\/wp-json\/wp\/v2\/media\/7993"}],"wp:attachment":[{"href":"https:\/\/zbranebudai.sk\/hu\/wp-json\/wp\/v2\/media?parent=14083"}],"wp:term":[{"taxonomy":"product_brand","embeddable":true,"href":"https:\/\/zbranebudai.sk\/hu\/wp-json\/wp\/v2\/product_brand?post=14083"},{"taxonomy":"product_cat","embeddable":true,"href":"https:\/\/zbranebudai.sk\/hu\/wp-json\/wp\/v2\/product_cat?post=14083"},{"taxonomy":"product_tag","embeddable":true,"href":"https:\/\/zbranebudai.sk\/hu\/wp-json\/wp\/v2\/product_tag?post=14083"}],"curies":[{"name":"wp","href":"https:\/\/api.w.org\/{rel}","templated":true}]}}