{"id":14080,"date":"2025-02-17T17:56:07","date_gmt":"2025-02-17T15:56:07","guid":{"rendered":"https:\/\/zbranebudai.sk\/product\/udernikova-sada-glock-9x19-slim-33372\/"},"modified":"2026-04-16T05:13:56","modified_gmt":"2026-04-16T03:13:56","slug":"utokeszlet-glock-9x19-slim-33372","status":"publish","type":"product","link":"https:\/\/zbranebudai.sk\/hu\/product\/udernikova-sada-glock-9x19-slim-33372\/","title":{"rendered":"GLOCK 9\u00d719 karcs\u00fa \u00fct\u0151k\u00e9szlet (33372)"},"content":{"rendered":"","protected":false},"excerpt":{"rendered":"<p>Glock 43, cal. 9\u00d719. Ez a teljes gy\u00fajt\u00f3szegk\u00e9szlet \u00f6sszeszerelve tartalmazza a k\u00f6vetkez\u0151ket: v\u00e9kony gy\u00fajt\u00f3szeg (33373), gy\u00fajt\u00f3szeg persely (56), gy\u00fajt\u00f3szegrug\u00f3 (63) \u00e9s (k\u00e9tr\u00e9szes) gy\u00fajt\u00f3szegrug\u00f3 al\u00e1t\u00e9t (70).<\/p>","protected":false},"featured_media":7983,"template":"","meta":{"_gspb_post_css":""},"product_brand":[],"product_cat":[1908,1909,1864,1820],"product_tag":[],"class_list":{"0":"post-14080","1":"product","2":"type-product","3":"status-publish","4":"has-post-thumbnail","6":"product_cat-glock-prislusenstvo","7":"product_cat-nahradne-diely-glock","8":"product_cat-pistole-zbrane-b-c","9":"product_cat-zbrane-b-c","11":"first","12":"outofstock","13":"taxable","14":"shipping-taxable","15":"purchasable","16":"product-type-simple"},"ct_brands":[],"_links":{"self":[{"href":"https:\/\/zbranebudai.sk\/hu\/wp-json\/wp\/v2\/product\/14080","targetHints":{"allow":["GET"]}}],"collection":[{"href":"https:\/\/zbranebudai.sk\/hu\/wp-json\/wp\/v2\/product"}],"about":[{"href":"https:\/\/zbranebudai.sk\/hu\/wp-json\/wp\/v2\/types\/product"}],"wp:featuredmedia":[{"embeddable":true,"href":"https:\/\/zbranebudai.sk\/hu\/wp-json\/wp\/v2\/media\/7983"}],"wp:attachment":[{"href":"https:\/\/zbranebudai.sk\/hu\/wp-json\/wp\/v2\/media?parent=14080"}],"wp:term":[{"taxonomy":"product_brand","embeddable":true,"href":"https:\/\/zbranebudai.sk\/hu\/wp-json\/wp\/v2\/product_brand?post=14080"},{"taxonomy":"product_cat","embeddable":true,"href":"https:\/\/zbranebudai.sk\/hu\/wp-json\/wp\/v2\/product_cat?post=14080"},{"taxonomy":"product_tag","embeddable":true,"href":"https:\/\/zbranebudai.sk\/hu\/wp-json\/wp\/v2\/product_tag?post=14080"}],"curies":[{"name":"wp","href":"https:\/\/api.w.org\/{rel}","templated":true}]}}