{"id":14079,"date":"2025-02-17T17:56:07","date_gmt":"2025-02-17T15:56:07","guid":{"rendered":"https:\/\/zbranebudai.sk\/product\/airsoft-pistol-glock-19-kal-6mm-co2\/"},"modified":"2026-04-01T23:20:17","modified_gmt":"2026-04-01T21:20:17","slug":"airsoft-pisztoly-glock-19-cal-6mm-co2","status":"publish","type":"product","link":"https:\/\/zbranebudai.sk\/hu\/product\/airsoft-pistol-glock-19-kal-6mm-co2\/","title":{"rendered":"Airsoft pisztoly GLOCK 19, cal. 6mm, CO2"},"content":{"rendered":"","protected":false},"excerpt":{"rendered":"<p>Airsoft pisztoly GLOCK 19 CO2 bomb\u00e1khoz, hivatalos licenc\u0171 replika, f\u00e9m cs\u00faszka, DAO rendszer, energia 2 J-ig (140 m\/s), t\u00e1rkapacit\u00e1s 11 BB, teljes hossz 186 mm, s\u00faly 717 g.<\/p>","protected":false},"featured_media":7981,"template":"","meta":{"_gspb_post_css":""},"product_brand":[],"product_cat":[1848,1849,1824],"product_tag":[],"class_list":{"0":"post-14079","1":"product","2":"type-product","3":"status-publish","4":"has-post-thumbnail","6":"product_cat-airsoft","7":"product_cat-airsoft-co2","8":"product_cat-zbrane-18-d","10":"first","11":"instock","12":"taxable","13":"shipping-taxable","14":"purchasable","15":"product-type-simple"},"ct_brands":[],"_links":{"self":[{"href":"https:\/\/zbranebudai.sk\/hu\/wp-json\/wp\/v2\/product\/14079","targetHints":{"allow":["GET"]}}],"collection":[{"href":"https:\/\/zbranebudai.sk\/hu\/wp-json\/wp\/v2\/product"}],"about":[{"href":"https:\/\/zbranebudai.sk\/hu\/wp-json\/wp\/v2\/types\/product"}],"wp:featuredmedia":[{"embeddable":true,"href":"https:\/\/zbranebudai.sk\/hu\/wp-json\/wp\/v2\/media\/7981"}],"wp:attachment":[{"href":"https:\/\/zbranebudai.sk\/hu\/wp-json\/wp\/v2\/media?parent=14079"}],"wp:term":[{"taxonomy":"product_brand","embeddable":true,"href":"https:\/\/zbranebudai.sk\/hu\/wp-json\/wp\/v2\/product_brand?post=14079"},{"taxonomy":"product_cat","embeddable":true,"href":"https:\/\/zbranebudai.sk\/hu\/wp-json\/wp\/v2\/product_cat?post=14079"},{"taxonomy":"product_tag","embeddable":true,"href":"https:\/\/zbranebudai.sk\/hu\/wp-json\/wp\/v2\/product_tag?post=14079"}],"curies":[{"name":"wp","href":"https:\/\/api.w.org\/{rel}","templated":true}]}}