{"id":14077,"date":"2025-02-17T17:56:06","date_gmt":"2025-02-17T15:56:06","guid":{"rendered":"https:\/\/zbranebudai.sk\/product\/airsoftovy-terc-combat-zone-gelovy\/"},"modified":"2026-05-14T14:59:34","modified_gmt":"2026-05-14T12:59:34","slug":"airsoft-celpont-harci-zona-gel","status":"publish","type":"product","link":"https:\/\/zbranebudai.sk\/hu\/product\/airsoftovy-terc-combat-zone-gelovy\/","title":{"rendered":"Airsoft c\u00e9lpont Combat Zone g\u00e9l"},"content":{"rendered":"<p>PARAM\u00c9TEREK:<\/p>\n<p>Anyag: Polimer<br \/>\nM\u00e9retek: 190 x 160 x 40 mm<br \/>\nS\u00faly: 145 g<\/p>","protected":false},"excerpt":{"rendered":"<p>Airsoft fegyverekkel val\u00f3 l\u00f6v\u00f6ld\u00f6z\u00e9s c\u00e9lpontja cal. 6 mm-es, legfeljebb 0,5 J energi\u00e1val. 14 cm \u00e1tm\u00e9r\u0151j\u0171 (g\u00e9l), akaszt\u00e1sra alkalmas g\u00e9l, rekesszel az elejtett goly\u00f3k sz\u00e1m\u00e1ra.<\/p>","protected":false},"featured_media":7973,"template":"","meta":{"_gspb_post_css":""},"product_brand":[],"product_cat":[1848,1925,1824],"product_tag":[],"class_list":{"0":"post-14077","1":"product","2":"type-product","3":"status-publish","4":"has-post-thumbnail","6":"product_cat-airsoft","7":"product_cat-airsoft-prislusenstvo","8":"product_cat-zbrane-18-d","10":"first","11":"instock","12":"taxable","13":"shipping-taxable","14":"purchasable","15":"product-type-simple"},"ct_brands":[],"_links":{"self":[{"href":"https:\/\/zbranebudai.sk\/hu\/wp-json\/wp\/v2\/product\/14077","targetHints":{"allow":["GET"]}}],"collection":[{"href":"https:\/\/zbranebudai.sk\/hu\/wp-json\/wp\/v2\/product"}],"about":[{"href":"https:\/\/zbranebudai.sk\/hu\/wp-json\/wp\/v2\/types\/product"}],"wp:featuredmedia":[{"embeddable":true,"href":"https:\/\/zbranebudai.sk\/hu\/wp-json\/wp\/v2\/media\/7973"}],"wp:attachment":[{"href":"https:\/\/zbranebudai.sk\/hu\/wp-json\/wp\/v2\/media?parent=14077"}],"wp:term":[{"taxonomy":"product_brand","embeddable":true,"href":"https:\/\/zbranebudai.sk\/hu\/wp-json\/wp\/v2\/product_brand?post=14077"},{"taxonomy":"product_cat","embeddable":true,"href":"https:\/\/zbranebudai.sk\/hu\/wp-json\/wp\/v2\/product_cat?post=14077"},{"taxonomy":"product_tag","embeddable":true,"href":"https:\/\/zbranebudai.sk\/hu\/wp-json\/wp\/v2\/product_tag?post=14077"}],"curies":[{"name":"wp","href":"https:\/\/api.w.org\/{rel}","templated":true}]}}