{"id":14075,"date":"2025-02-17T17:56:06","date_gmt":"2025-02-17T15:56:06","guid":{"rendered":"https:\/\/zbranebudai.sk\/product\/airsoft-pistol-glock-19-kal-6mm-gas\/"},"modified":"2026-04-09T00:58:53","modified_gmt":"2026-04-08T22:58:53","slug":"airsoft-pisztoly-glock-19-kaliber-6mm-gaz","status":"publish","type":"product","link":"https:\/\/zbranebudai.sk\/hu\/product\/airsoft-pistol-glock-19-kal-6mm-gas\/","title":{"rendered":"Airsoft pisztoly GLOCK 19, cal. 6mm, g\u00e1z"},"content":{"rendered":"<p>PARAM\u00c9TEREK:<\/p>\n<p>Energia: legfeljebb 1 J<br \/>\nRak\u00e9ta sebess\u00e9ge: 85 m\/s<br \/>\nA tart\u00e1ly kapacit\u00e1sa: 20<br \/>\nShoot-Up: \u00e1ll\u00edthat\u00f3<br \/>\nTeljes hossz: 187 mm<br \/>\nS\u00faly: 641 g\u00a0<\/p>","protected":false},"excerpt":{"rendered":"<p>Airsoft pisztoly GLOCK 19 airsoft g\u00e1z. A hivatalos enged\u00e9llyel rendelkez\u0151 replika szinte pontosan olyan neh\u00e9z, mint az eredeti. A f\u00e9m cs\u00faszka \u00e9s a blowback rendszer nagyban jav\u00edtja a pisztoly \u00e9rzet\u00e9t. Az \u00e1ll\u00edthat\u00f3 kil\u00f6v\u00e9s visszar\u00fag\u00e1st biztos\u00edt a l\u00f6ved\u00e9keknek a stabil rep\u00fcl\u00e9shez nagy t\u00e1vols\u00e1gokra.<\/p>","protected":false},"featured_media":7969,"template":"","meta":{"_gspb_post_css":""},"product_brand":[],"product_cat":[1848,2004,1824],"product_tag":[],"class_list":{"0":"post-14075","1":"product","2":"type-product","3":"status-publish","4":"has-post-thumbnail","6":"product_cat-airsoft","7":"product_cat-airsoft-gas","8":"product_cat-zbrane-18-d","10":"first","11":"instock","12":"taxable","13":"shipping-taxable","14":"purchasable","15":"product-type-simple"},"ct_brands":[],"_links":{"self":[{"href":"https:\/\/zbranebudai.sk\/hu\/wp-json\/wp\/v2\/product\/14075","targetHints":{"allow":["GET"]}}],"collection":[{"href":"https:\/\/zbranebudai.sk\/hu\/wp-json\/wp\/v2\/product"}],"about":[{"href":"https:\/\/zbranebudai.sk\/hu\/wp-json\/wp\/v2\/types\/product"}],"wp:featuredmedia":[{"embeddable":true,"href":"https:\/\/zbranebudai.sk\/hu\/wp-json\/wp\/v2\/media\/7969"}],"wp:attachment":[{"href":"https:\/\/zbranebudai.sk\/hu\/wp-json\/wp\/v2\/media?parent=14075"}],"wp:term":[{"taxonomy":"product_brand","embeddable":true,"href":"https:\/\/zbranebudai.sk\/hu\/wp-json\/wp\/v2\/product_brand?post=14075"},{"taxonomy":"product_cat","embeddable":true,"href":"https:\/\/zbranebudai.sk\/hu\/wp-json\/wp\/v2\/product_cat?post=14075"},{"taxonomy":"product_tag","embeddable":true,"href":"https:\/\/zbranebudai.sk\/hu\/wp-json\/wp\/v2\/product_tag?post=14075"}],"curies":[{"name":"wp","href":"https:\/\/api.w.org\/{rel}","templated":true}]}}