{"id":14073,"date":"2025-02-17T17:56:06","date_gmt":"2025-02-17T15:56:06","guid":{"rendered":"https:\/\/zbranebudai.sk\/product\/beretta-92fs-brigadier-kal-9x19\/"},"modified":"2026-04-30T10:48:16","modified_gmt":"2026-04-30T08:48:16","slug":"beretta-92fs-brigadier-cal-9x19","status":"publish","type":"product","link":"https:\/\/zbranebudai.sk\/hu\/product\/beretta-92fs-brigadier-kal-9x19\/","title":{"rendered":"Beretta 92FS Brigadier, cal. 9\u00d719"},"content":{"rendered":"<p>PARAM\u00c9TEREK:<\/p>\n<p>T\u00e1rkapacit\u00e1s: 15 t\u00f6lt\u00e9ny<br \/>\nCs\u0151hossz: 125 mm (4.9\u2033)<br \/>\nTeljes hossz: 217 mm<br \/>\nS\u00faly: 945 g<\/p>","protected":false},"excerpt":{"rendered":"<p>A Beretta 92FS Brigadier a standard 92FS (M9) harci pisztoly alacsony visszar\u00fag\u00e1s\u00fa, nagy ellen\u00e1ll\u00f3k\u00e9pess\u00e9g\u0171 v\u00e1ltozata. A meger\u0151s\u00edtett, neh\u00e9z profil\u00fa z\u00e1rszerkezet n\u00f6veli a tart\u00f3ss\u00e1got \u00e9s minimaliz\u00e1lja a visszar\u00fag\u00e1st. A Hogue puha gumib\u00f3l k\u00e9sz\u00fclt markolat jelent\u0151sen elnyeli a pisztoly lend\u00fclet\u00e9t l\u00f6v\u00e9skor, \u00e9s jav\u00edtja a kezelhet\u0151s\u00e9get l\u00f6v\u00e9s k\u00f6zben. A tol\u00f3cs\u00faszda h\u00e1ts\u00f3 r\u00e9sz\u00e9n tal\u00e1lhat\u00f3 k\u00e9zi biztos\u00edt\u00e9k dekokkerk\u00e9nt szolg\u00e1l. A halsz\u00e1lk\u00e1s els\u0151 \u00e9s h\u00e1ts\u00f3 ir\u00e1nyz\u00e9k, k\u00f6nnyen cser\u00e9lhet\u0151. F\u00fcggetlen\u00fcl a nagyszer\u0171 h\u00edrn\u00e9vt\u0151l, egy taktikai pisztoly \u00e9rt\u00e9k\u00e9nek pr\u00f3b\u00e1ja a l\u0151t\u00e9ren van. A 92-es csal\u00e1d k\u00f6vetkezetesen meghaladja az amerikai hadsereg k\u00f6vetelm\u00e9nyeit, \u00e9s az abszol\u00fat prec\u00edzi\u00f3s t\u0171r\u00e9shat\u00e1rok l\u00f6v\u00e9sr\u0151l l\u00f6v\u00e9sre egyenletes teljes\u00edtm\u00e9nyt biztos\u00edtanak, ami a 92-es rendk\u00edv\u00fcli pontoss\u00e1got eredm\u00e9nyez. Standard vagy rozsdamentes ac\u00e9lb\u00f3l kaphat\u00f3. Gy\u00e1rtja: Beretta USA Corp., Maryland, USA.<\/p>","protected":false},"featured_media":7963,"template":"","meta":{"_gspb_post_css":""},"product_brand":[],"product_cat":[1950,1864,1951,1820],"product_tag":[],"class_list":{"0":"post-14073","1":"product","2":"type-product","3":"status-publish","4":"has-post-thumbnail","6":"product_cat-beretta-usa","7":"product_cat-pistole-zbrane-b-c","8":"product_cat-pistole-beretta-usa","9":"product_cat-zbrane-b-c","11":"first","12":"outofstock","13":"taxable","14":"shipping-taxable","15":"purchasable","16":"product-type-simple"},"ct_brands":[],"_links":{"self":[{"href":"https:\/\/zbranebudai.sk\/hu\/wp-json\/wp\/v2\/product\/14073","targetHints":{"allow":["GET"]}}],"collection":[{"href":"https:\/\/zbranebudai.sk\/hu\/wp-json\/wp\/v2\/product"}],"about":[{"href":"https:\/\/zbranebudai.sk\/hu\/wp-json\/wp\/v2\/types\/product"}],"wp:featuredmedia":[{"embeddable":true,"href":"https:\/\/zbranebudai.sk\/hu\/wp-json\/wp\/v2\/media\/7963"}],"wp:attachment":[{"href":"https:\/\/zbranebudai.sk\/hu\/wp-json\/wp\/v2\/media?parent=14073"}],"wp:term":[{"taxonomy":"product_brand","embeddable":true,"href":"https:\/\/zbranebudai.sk\/hu\/wp-json\/wp\/v2\/product_brand?post=14073"},{"taxonomy":"product_cat","embeddable":true,"href":"https:\/\/zbranebudai.sk\/hu\/wp-json\/wp\/v2\/product_cat?post=14073"},{"taxonomy":"product_tag","embeddable":true,"href":"https:\/\/zbranebudai.sk\/hu\/wp-json\/wp\/v2\/product_tag?post=14073"}],"curies":[{"name":"wp","href":"https:\/\/api.w.org\/{rel}","templated":true}]}}