{"id":14070,"date":"2025-02-17T17:56:05","date_gmt":"2025-02-17T15:56:05","guid":{"rendered":"https:\/\/zbranebudai.sk\/product\/univerzalny-rychlonabijac-uplula-pre-kaliber-9mm-luger-45-acp-12031\/"},"modified":"2026-04-16T04:54:53","modified_gmt":"2026-04-16T02:54:53","slug":"univerzalis-gyorstolto-feltolto-9mm-luger-45-acp-kaliberhez-12031","status":"publish","type":"product","link":"https:\/\/zbranebudai.sk\/hu\/product\/univerzalny-rychlonabijac-uplula-pre-kaliber-9mm-luger-45-acp-12031\/","title":{"rendered":"UpLULA univerz\u00e1lis gyorst\u00f6lt\u0151 .9mm Luger - .45 ACP (12031)"},"content":{"rendered":"","protected":false},"excerpt":{"rendered":"<p>Univerz\u00e1lis gyors t\u00f6lt\u0151 UpLULA a k\u00f6vetkez\u0151 kaliberekhez: .9mm Luger, .357Sig, .10mm Auto, .45ACP. Alkalmas egy- \u00e9s k\u00e9tsoros t\u00e1rakhoz.<\/p>","protected":false},"featured_media":0,"template":"","meta":{"_gspb_post_css":""},"product_brand":[],"product_cat":[1864,1898,1877,1820],"product_tag":[],"class_list":{"0":"post-14070","1":"product","2":"type-product","3":"status-publish","5":"product_cat-pistole-zbrane-b-c","6":"product_cat-prislusenstvo-ruger-ruger-pistole-zbrane-b-c","7":"product_cat-ruger-pistole-zbrane-b-c","8":"product_cat-zbrane-b-c","10":"first","11":"outofstock","12":"taxable","13":"shipping-taxable","14":"purchasable","15":"product-type-simple"},"ct_brands":[],"_links":{"self":[{"href":"https:\/\/zbranebudai.sk\/hu\/wp-json\/wp\/v2\/product\/14070","targetHints":{"allow":["GET"]}}],"collection":[{"href":"https:\/\/zbranebudai.sk\/hu\/wp-json\/wp\/v2\/product"}],"about":[{"href":"https:\/\/zbranebudai.sk\/hu\/wp-json\/wp\/v2\/types\/product"}],"wp:attachment":[{"href":"https:\/\/zbranebudai.sk\/hu\/wp-json\/wp\/v2\/media?parent=14070"}],"wp:term":[{"taxonomy":"product_brand","embeddable":true,"href":"https:\/\/zbranebudai.sk\/hu\/wp-json\/wp\/v2\/product_brand?post=14070"},{"taxonomy":"product_cat","embeddable":true,"href":"https:\/\/zbranebudai.sk\/hu\/wp-json\/wp\/v2\/product_cat?post=14070"},{"taxonomy":"product_tag","embeddable":true,"href":"https:\/\/zbranebudai.sk\/hu\/wp-json\/wp\/v2\/product_tag?post=14070"}],"curies":[{"name":"wp","href":"https:\/\/api.w.org\/{rel}","templated":true}]}}