{"id":14069,"date":"2025-02-17T17:56:05","date_gmt":"2025-02-17T15:56:05","guid":{"rendered":"https:\/\/zbranebudai.sk\/product\/zasobnik-556-nato-223-rem-90384-pre-ruger-ar-556-10rd\/"},"modified":"2026-04-09T01:41:54","modified_gmt":"2026-04-08T23:41:54","slug":"556-nato-223-rem-90384-a-ruger-ar-556-10rd-hoz","status":"publish","type":"product","link":"https:\/\/zbranebudai.sk\/hu\/product\/zasobnik-556-nato-223-rem-90384-pre-ruger-ar-556-10rd\/","title":{"rendered":"T\u00f6lt\u00e9nyt\u00e1r 5.56 NATO\/.223 Rem. (90384) a Ruger AR-556-hoz, 10rd"},"content":{"rendered":"","protected":false},"excerpt":{"rendered":"<p>F\u00e9m t\u00e1r Ruger AR-556-hoz, cal. 5,56 NATO\/.223 Rem, narancss\u00e1rga sz\u00edn\u0171 adagol\u00f3. A t\u00e1r kapacit\u00e1sa 10 t\u00f6lt\u00e9ny.<\/p>","protected":false},"featured_media":7956,"template":"","meta":{"_gspb_post_css":""},"product_brand":[],"product_cat":[1821,1838,1837,1820],"product_tag":[],"class_list":{"0":"post-14069","1":"product","2":"type-product","3":"status-publish","4":"has-post-thumbnail","6":"product_cat-gulovnice-zbrane-b-c","7":"product_cat-prislusenstvo-ruger","8":"product_cat-ruger","9":"product_cat-zbrane-b-c","11":"first","12":"outofstock","13":"taxable","14":"shipping-taxable","15":"purchasable","16":"product-type-simple"},"ct_brands":[],"_links":{"self":[{"href":"https:\/\/zbranebudai.sk\/hu\/wp-json\/wp\/v2\/product\/14069","targetHints":{"allow":["GET"]}}],"collection":[{"href":"https:\/\/zbranebudai.sk\/hu\/wp-json\/wp\/v2\/product"}],"about":[{"href":"https:\/\/zbranebudai.sk\/hu\/wp-json\/wp\/v2\/types\/product"}],"wp:featuredmedia":[{"embeddable":true,"href":"https:\/\/zbranebudai.sk\/hu\/wp-json\/wp\/v2\/media\/7956"}],"wp:attachment":[{"href":"https:\/\/zbranebudai.sk\/hu\/wp-json\/wp\/v2\/media?parent=14069"}],"wp:term":[{"taxonomy":"product_brand","embeddable":true,"href":"https:\/\/zbranebudai.sk\/hu\/wp-json\/wp\/v2\/product_brand?post=14069"},{"taxonomy":"product_cat","embeddable":true,"href":"https:\/\/zbranebudai.sk\/hu\/wp-json\/wp\/v2\/product_cat?post=14069"},{"taxonomy":"product_tag","embeddable":true,"href":"https:\/\/zbranebudai.sk\/hu\/wp-json\/wp\/v2\/product_tag?post=14069"}],"curies":[{"name":"wp","href":"https:\/\/api.w.org\/{rel}","templated":true}]}}