{"id":14068,"date":"2025-02-17T17:56:05","date_gmt":"2025-02-17T15:56:05","guid":{"rendered":"https:\/\/zbranebudai.sk\/product\/zasobnik-mag-7-90405-pre-ruger-lcp-zvacsene-dno\/"},"modified":"2026-04-16T04:54:53","modified_gmt":"2026-04-16T02:54:53","slug":"mag-7-90405-talca-ruger-lcp-hez","status":"publish","type":"product","link":"https:\/\/zbranebudai.sk\/hu\/product\/zasobnik-mag-7-90405-pre-ruger-lcp-zvacsene-dno\/","title":{"rendered":"MAG\/7 t\u00e1r (90405) Ruger LCP-hez (megn\u00f6velt alj\u00fa)"},"content":{"rendered":"","protected":false},"excerpt":{"rendered":"<p>Megnagyobb\u00edtott alj\u00fa t\u00e1r Ruger LCP, cal. .380 Auto, t\u00e1rkapacit\u00e1s 7+1 l\u00f6v\u00e9s<\/p>","protected":false},"featured_media":7954,"template":"","meta":{"_gspb_post_css":""},"product_brand":[],"product_cat":[1864,1898,1877,1820],"product_tag":[],"class_list":{"0":"post-14068","1":"product","2":"type-product","3":"status-publish","4":"has-post-thumbnail","6":"product_cat-pistole-zbrane-b-c","7":"product_cat-prislusenstvo-ruger-ruger-pistole-zbrane-b-c","8":"product_cat-ruger-pistole-zbrane-b-c","9":"product_cat-zbrane-b-c","11":"first","12":"instock","13":"taxable","14":"shipping-taxable","15":"purchasable","16":"product-type-simple"},"ct_brands":[],"_links":{"self":[{"href":"https:\/\/zbranebudai.sk\/hu\/wp-json\/wp\/v2\/product\/14068","targetHints":{"allow":["GET"]}}],"collection":[{"href":"https:\/\/zbranebudai.sk\/hu\/wp-json\/wp\/v2\/product"}],"about":[{"href":"https:\/\/zbranebudai.sk\/hu\/wp-json\/wp\/v2\/types\/product"}],"wp:featuredmedia":[{"embeddable":true,"href":"https:\/\/zbranebudai.sk\/hu\/wp-json\/wp\/v2\/media\/7954"}],"wp:attachment":[{"href":"https:\/\/zbranebudai.sk\/hu\/wp-json\/wp\/v2\/media?parent=14068"}],"wp:term":[{"taxonomy":"product_brand","embeddable":true,"href":"https:\/\/zbranebudai.sk\/hu\/wp-json\/wp\/v2\/product_brand?post=14068"},{"taxonomy":"product_cat","embeddable":true,"href":"https:\/\/zbranebudai.sk\/hu\/wp-json\/wp\/v2\/product_cat?post=14068"},{"taxonomy":"product_tag","embeddable":true,"href":"https:\/\/zbranebudai.sk\/hu\/wp-json\/wp\/v2\/product_tag?post=14068"}],"curies":[{"name":"wp","href":"https:\/\/api.w.org\/{rel}","templated":true}]}}