{"id":14060,"date":"2025-02-17T17:56:03","date_gmt":"2025-02-17T15:56:03","guid":{"rendered":"https:\/\/zbranebudai.sk\/product\/gulove-ukoncenie-rukovate-zaveru-t3x-t3-zvacsene\/"},"modified":"2026-04-09T01:07:53","modified_gmt":"2026-04-08T23:07:53","slug":"a-t3x-t3-fogantyu-gombolyu-zarodasa-meghuzva","status":"publish","type":"product","link":"https:\/\/zbranebudai.sk\/hu\/product\/gulove-ukoncenie-rukovate-zaveru-t3x-t3-zvacsene\/","title":{"rendered":"A T3x\/T3 csavarkilincs g\u00f6mbv\u00e9g\u00e9nek megnagyobb\u00edt\u00e1sa"},"content":{"rendered":"","protected":false},"excerpt":{"rendered":"","protected":false},"featured_media":7936,"template":"","meta":{"_gspb_post_css":""},"product_brand":[],"product_cat":[1821,1947,1855,1854,1820],"product_tag":[],"class_list":{"0":"post-14060","1":"product","2":"type-product","3":"status-publish","4":"has-post-thumbnail","6":"product_cat-gulovnice-zbrane-b-c","7":"product_cat-nd","8":"product_cat-prislusenstvo-tikka","9":"product_cat-tikka","10":"product_cat-zbrane-b-c","12":"first","13":"instock","14":"taxable","15":"shipping-taxable","16":"purchasable","17":"product-type-simple"},"ct_brands":[],"_links":{"self":[{"href":"https:\/\/zbranebudai.sk\/hu\/wp-json\/wp\/v2\/product\/14060","targetHints":{"allow":["GET"]}}],"collection":[{"href":"https:\/\/zbranebudai.sk\/hu\/wp-json\/wp\/v2\/product"}],"about":[{"href":"https:\/\/zbranebudai.sk\/hu\/wp-json\/wp\/v2\/types\/product"}],"wp:featuredmedia":[{"embeddable":true,"href":"https:\/\/zbranebudai.sk\/hu\/wp-json\/wp\/v2\/media\/7936"}],"wp:attachment":[{"href":"https:\/\/zbranebudai.sk\/hu\/wp-json\/wp\/v2\/media?parent=14060"}],"wp:term":[{"taxonomy":"product_brand","embeddable":true,"href":"https:\/\/zbranebudai.sk\/hu\/wp-json\/wp\/v2\/product_brand?post=14060"},{"taxonomy":"product_cat","embeddable":true,"href":"https:\/\/zbranebudai.sk\/hu\/wp-json\/wp\/v2\/product_cat?post=14060"},{"taxonomy":"product_tag","embeddable":true,"href":"https:\/\/zbranebudai.sk\/hu\/wp-json\/wp\/v2\/product_tag?post=14060"}],"curies":[{"name":"wp","href":"https:\/\/api.w.org\/{rel}","templated":true}]}}