{"id":14045,"date":"2025-02-17T17:56:01","date_gmt":"2025-02-17T15:56:01","guid":{"rendered":"https:\/\/zbranebudai.sk\/product\/pistol-exp-rohm-rg-96-match-kal-9mm-p-a-k\/"},"modified":"2026-04-23T06:18:17","modified_gmt":"2026-04-23T04:18:17","slug":"pisztoly-exp-rohm-rg-96-match-cal-9mm-p-a-k","status":"publish","type":"product","link":"https:\/\/zbranebudai.sk\/hu\/product\/pistol-exp-rohm-rg-96-match-kal-9mm-p-a-k\/","title":{"rendered":"Pisztoly exp. R\u00f6hm RG 96 Match, cal. 9mm P.A.K."},"content":{"rendered":"","protected":false},"excerpt":{"rendered":"<p>R\u00f6hm RG 96 Match pisztoly, fekete, polimer v\u00e1z, cal. 9mm P.A.K., t\u00e1rkapacit\u00e1s 9 t\u00f6lt\u00e9ny, hossza 225 mm, s\u00falya 820 g. A s\u00faly a cs\u0151h\u00f6z egy adapterrel csatlakozik a jelz\u0151l\u00f6ved\u00e9kekhez, szerel\u0151kulcs mell\u00e9kelve. Az adapter a s\u00faly n\u00e9lk\u00fcl is csatlakoztathat\u00f3. Ha a s\u00faly (vagy csak egy k\u00fcl\u00f6n\u00e1ll\u00f3 adapter) van csatlakoztatva, nem lehet g\u00e1zpatronnal l\u0151ni.....<\/p>","protected":false},"featured_media":7878,"template":"","meta":{"_gspb_post_css":""},"product_brand":[],"product_cat":[1825,1831,1922,1826,1824],"product_tag":[],"class_list":{"0":"post-14045","1":"product","2":"type-product","3":"status-publish","4":"has-post-thumbnail","6":"product_cat-expanzne-zbrane","7":"product_cat-pistole-umarex","8":"product_cat-rohm","9":"product_cat-umarex","10":"product_cat-zbrane-18-d","12":"first","13":"outofstock","14":"taxable","15":"shipping-taxable","16":"purchasable","17":"product-type-simple"},"ct_brands":[],"_links":{"self":[{"href":"https:\/\/zbranebudai.sk\/hu\/wp-json\/wp\/v2\/product\/14045","targetHints":{"allow":["GET"]}}],"collection":[{"href":"https:\/\/zbranebudai.sk\/hu\/wp-json\/wp\/v2\/product"}],"about":[{"href":"https:\/\/zbranebudai.sk\/hu\/wp-json\/wp\/v2\/types\/product"}],"wp:featuredmedia":[{"embeddable":true,"href":"https:\/\/zbranebudai.sk\/hu\/wp-json\/wp\/v2\/media\/7878"}],"wp:attachment":[{"href":"https:\/\/zbranebudai.sk\/hu\/wp-json\/wp\/v2\/media?parent=14045"}],"wp:term":[{"taxonomy":"product_brand","embeddable":true,"href":"https:\/\/zbranebudai.sk\/hu\/wp-json\/wp\/v2\/product_brand?post=14045"},{"taxonomy":"product_cat","embeddable":true,"href":"https:\/\/zbranebudai.sk\/hu\/wp-json\/wp\/v2\/product_cat?post=14045"},{"taxonomy":"product_tag","embeddable":true,"href":"https:\/\/zbranebudai.sk\/hu\/wp-json\/wp\/v2\/product_tag?post=14045"}],"curies":[{"name":"wp","href":"https:\/\/api.w.org\/{rel}","templated":true}]}}