{"id":14042,"date":"2025-02-17T17:56:01","date_gmt":"2025-02-17T15:56:01","guid":{"rendered":"https:\/\/zbranebudai.sk\/product\/puzdro-rhino-2-kydex-convertible\/"},"modified":"2026-05-07T12:14:25","modified_gmt":"2026-05-07T10:14:25","slug":"rhino-2-kydex-atalakithato-tok","status":"publish","type":"product","link":"https:\/\/zbranebudai.sk\/hu\/product\/puzdro-rhino-2-kydex-convertible\/","title":{"rendered":"Rhino 2\" Kydex \u00e1talak\u00edthat\u00f3 tok"},"content":{"rendered":"","protected":false},"excerpt":{"rendered":"<p>A Chiappa Rhino 20DS revolverekhez tervezt\u00e9k. \u00d6vhurokkal \u00e9s lap\u00e1ttal sz\u00e1ll\u00edtjuk. Az \u00f6vhosszabb\u00edt\u00e1s k\u00e9t elhat\u00e1rol\u00f3t tartalmaz a k\u00fcl\u00f6nb\u00f6z\u0151 \u00f6vsz\u00e9less\u00e9gekhez val\u00f3 alkalmazkod\u00e1shoz. A pisztoly h\u00faz\u00f3erej\u00e9t gumial\u00e1t\u00e9tes csavarral \u00e1ll\u00edtja be. Jobbkezes haszn\u00e1latra.<\/p>","protected":false},"featured_media":7872,"template":"","meta":{"_gspb_post_css":""},"product_brand":[],"product_cat":[1984,1998,1858,1820],"product_tag":[],"class_list":{"0":"post-14042","1":"product","2":"type-product","3":"status-publish","4":"has-post-thumbnail","6":"product_cat-chiappa-firearms","7":"product_cat-prislusenstvo-chiappa-firearms-chiappa-firearms","8":"product_cat-revolvery-zbrane-b-c","9":"product_cat-zbrane-b-c","11":"first","12":"outofstock","13":"taxable","14":"shipping-taxable","15":"purchasable","16":"product-type-simple"},"ct_brands":[],"_links":{"self":[{"href":"https:\/\/zbranebudai.sk\/hu\/wp-json\/wp\/v2\/product\/14042","targetHints":{"allow":["GET"]}}],"collection":[{"href":"https:\/\/zbranebudai.sk\/hu\/wp-json\/wp\/v2\/product"}],"about":[{"href":"https:\/\/zbranebudai.sk\/hu\/wp-json\/wp\/v2\/types\/product"}],"wp:featuredmedia":[{"embeddable":true,"href":"https:\/\/zbranebudai.sk\/hu\/wp-json\/wp\/v2\/media\/7872"}],"wp:attachment":[{"href":"https:\/\/zbranebudai.sk\/hu\/wp-json\/wp\/v2\/media?parent=14042"}],"wp:term":[{"taxonomy":"product_brand","embeddable":true,"href":"https:\/\/zbranebudai.sk\/hu\/wp-json\/wp\/v2\/product_brand?post=14042"},{"taxonomy":"product_cat","embeddable":true,"href":"https:\/\/zbranebudai.sk\/hu\/wp-json\/wp\/v2\/product_cat?post=14042"},{"taxonomy":"product_tag","embeddable":true,"href":"https:\/\/zbranebudai.sk\/hu\/wp-json\/wp\/v2\/product_tag?post=14042"}],"curies":[{"name":"wp","href":"https:\/\/api.w.org\/{rel}","templated":true}]}}