{"id":14038,"date":"2025-02-17T17:56:00","date_gmt":"2025-02-17T15:56:00","guid":{"rendered":"https:\/\/zbranebudai.sk\/product\/chiappa-pak-9-pistol-kal-9x19\/"},"modified":"2026-04-09T02:02:54","modified_gmt":"2026-04-09T00:02:54","slug":"chiappa-pak-9-pisztoly-kaliber-9x19","status":"publish","type":"product","link":"https:\/\/zbranebudai.sk\/hu\/product\/chiappa-pak-9-pistol-kal-9x19\/","title":{"rendered":"Chiappa PAK-9 pisztoly, cal. 9\u00d719"},"content":{"rendered":"<p>PARAM\u00c9TEREK:<\/p>\n<p>Cs\u0151hossz: 160 mm (6.3 in)<br \/>\nTeljes hossz: 362 mm<br \/>\nMagass\u00e1g: 192 mm<br \/>\nA tart\u00e1ly kapacit\u00e1sa: 10<br \/>\nAnyag: feket\u00e9re festett ac\u00e9l<br \/>\nS\u00faly: 2,7 kg<\/p>","protected":false},"excerpt":{"rendered":"<p>Chiappa PAK-9 PISTOL (BLUED) 9MM\/6.3\u2033BBL - egy \u00f6nt\u00f6lt\u0151 pisztoly, amely az AK-47-es pisztolyok megjelen\u00e9s\u00e9vel \u00e9s st\u00edlus\u00e1val rendelkezik, de k\u00f6nnyebb \u00e9s megfizethet\u0151bb 9mm Luger (9\u00d719) l\u0151szert haszn\u00e1l. \u00c1ll\u00edthat\u00f3 magass\u00e1g\u00fa \u00e9s oldals\u00f3 ir\u00e1nyz\u00e9kkal. Picatinny s\u00ednre szerelt fix ir\u00e1nyz\u00e9k. K\u00e9t t\u00e1r (Beretta) \u00e9s heveder mell\u00e9kelve. Glock t\u00e1rakhoz val\u00f3 adapter megv\u00e1s\u00e1rl\u00e1si lehet\u0151s\u00e9ge (970.467).<\/p>","protected":false},"featured_media":7864,"template":"","meta":{"_gspb_post_css":""},"product_brand":[],"product_cat":[1994,1864,1995,1820],"product_tag":[],"class_list":{"0":"post-14038","1":"product","2":"type-product","3":"status-publish","4":"has-post-thumbnail","6":"product_cat-chiappa-firearms-pistole-zbrane-b-c","7":"product_cat-pistole-zbrane-b-c","8":"product_cat-pistole-chiappa-firearms","9":"product_cat-zbrane-b-c","11":"first","12":"outofstock","13":"taxable","14":"shipping-taxable","15":"purchasable","16":"product-type-simple"},"ct_brands":[],"_links":{"self":[{"href":"https:\/\/zbranebudai.sk\/hu\/wp-json\/wp\/v2\/product\/14038","targetHints":{"allow":["GET"]}}],"collection":[{"href":"https:\/\/zbranebudai.sk\/hu\/wp-json\/wp\/v2\/product"}],"about":[{"href":"https:\/\/zbranebudai.sk\/hu\/wp-json\/wp\/v2\/types\/product"}],"wp:featuredmedia":[{"embeddable":true,"href":"https:\/\/zbranebudai.sk\/hu\/wp-json\/wp\/v2\/media\/7864"}],"wp:attachment":[{"href":"https:\/\/zbranebudai.sk\/hu\/wp-json\/wp\/v2\/media?parent=14038"}],"wp:term":[{"taxonomy":"product_brand","embeddable":true,"href":"https:\/\/zbranebudai.sk\/hu\/wp-json\/wp\/v2\/product_brand?post=14038"},{"taxonomy":"product_cat","embeddable":true,"href":"https:\/\/zbranebudai.sk\/hu\/wp-json\/wp\/v2\/product_cat?post=14038"},{"taxonomy":"product_tag","embeddable":true,"href":"https:\/\/zbranebudai.sk\/hu\/wp-json\/wp\/v2\/product_tag?post=14038"}],"curies":[{"name":"wp","href":"https:\/\/api.w.org\/{rel}","templated":true}]}}