{"id":14037,"date":"2025-02-17T17:56:00","date_gmt":"2025-02-17T15:56:00","guid":{"rendered":"https:\/\/zbranebudai.sk\/product\/chiappa-m1-9-carbine-wood-kal-9x19\/"},"modified":"2026-04-01T22:42:04","modified_gmt":"2026-04-01T20:42:04","slug":"chiappa-m1-9-karabely-fa-cal-9x19","status":"publish","type":"product","link":"https:\/\/zbranebudai.sk\/hu\/product\/chiappa-m1-9-carbine-wood-kal-9x19\/","title":{"rendered":"Chiappa M1-9 karab\u00e9ly fa, cal. 9\u00d719"},"content":{"rendered":"<p>PARAM\u00c9TEREK:<\/p>\n<p>Cs\u0151hossz: 483 mm (19 in)\u00a0<br \/>\nTeljes hossz: 914 mm<br \/>\nA tart\u00e1ly kapacit\u00e1sa: 10\u00a0<br \/>\nPicatinny s\u00edn: nem<br \/>\nA hord\u00f3: ac\u00e9l: Feket\u00e9re festett ac\u00e9l<br \/>\n\u00cdg\u00e9ret: Wood<br \/>\nS\u00faly: 2,8 kg<\/p>","protected":false},"excerpt":{"rendered":"<p>Chiappa M1-9 karab\u00e9ly (500.136), cal. 9\u00d719, \u00f6nt\u00f6lt\u0151 karab\u00e9ly, cs\u0151 19\u2033 (48 cm), teljes hossza 91,5 cm, s\u00falya 2,8 kg, fa l\u00f6veggel, \u00e1ll\u00edthat\u00f3 magass\u00e1g\u00fa \u00e9s oldals\u00f3 ir\u00e1nyz\u00e9kkal, k\u00e9t 10 t\u00f6lt\u00e9nyes t\u00e1rat tartalmaz.<\/p>","protected":false},"featured_media":7862,"template":"","meta":{"_gspb_post_css":""},"product_brand":[],"product_cat":[1986,1821,1987,1820],"product_tag":[],"class_list":{"0":"post-14037","1":"product","2":"type-product","3":"status-publish","4":"has-post-thumbnail","6":"product_cat-chiappa-firearms-gulovnice-zbrane-b-c","7":"product_cat-gulovnice-zbrane-b-c","8":"product_cat-gulovnice-chiappa-firearms","9":"product_cat-zbrane-b-c","11":"first","12":"instock","13":"taxable","14":"shipping-taxable","15":"purchasable","16":"product-type-simple"},"ct_brands":[],"_links":{"self":[{"href":"https:\/\/zbranebudai.sk\/hu\/wp-json\/wp\/v2\/product\/14037","targetHints":{"allow":["GET"]}}],"collection":[{"href":"https:\/\/zbranebudai.sk\/hu\/wp-json\/wp\/v2\/product"}],"about":[{"href":"https:\/\/zbranebudai.sk\/hu\/wp-json\/wp\/v2\/types\/product"}],"wp:featuredmedia":[{"embeddable":true,"href":"https:\/\/zbranebudai.sk\/hu\/wp-json\/wp\/v2\/media\/7862"}],"wp:attachment":[{"href":"https:\/\/zbranebudai.sk\/hu\/wp-json\/wp\/v2\/media?parent=14037"}],"wp:term":[{"taxonomy":"product_brand","embeddable":true,"href":"https:\/\/zbranebudai.sk\/hu\/wp-json\/wp\/v2\/product_brand?post=14037"},{"taxonomy":"product_cat","embeddable":true,"href":"https:\/\/zbranebudai.sk\/hu\/wp-json\/wp\/v2\/product_cat?post=14037"},{"taxonomy":"product_tag","embeddable":true,"href":"https:\/\/zbranebudai.sk\/hu\/wp-json\/wp\/v2\/product_tag?post=14037"}],"curies":[{"name":"wp","href":"https:\/\/api.w.org\/{rel}","templated":true}]}}