{"id":14036,"date":"2025-02-17T17:56:00","date_gmt":"2025-02-17T15:56:00","guid":{"rendered":"https:\/\/zbranebudai.sk\/product\/chiappa-m1-22-carbine-wood-kal-22lr\/"},"modified":"2026-03-17T12:16:51","modified_gmt":"2026-03-17T10:16:51","slug":"chiappa-m1-22-karabely-fa-cal-22lr","status":"publish","type":"product","link":"https:\/\/zbranebudai.sk\/hu\/product\/chiappa-m1-22-carbine-wood-kal-22lr\/","title":{"rendered":"Chiappa M1-22 karab\u00e9ly fa, cal. .22LR"},"content":{"rendered":"<p>PARAM\u00c9TEREK:<\/p>\n<p>Cs\u0151hossz: 457 mm (18 in)\u00a0<br \/>\nTeljes hossz: 889 mm<br \/>\nA tart\u00e1ly kapacit\u00e1sa: 10\u00a0<br \/>\nPicatinny s\u00edn: nem<br \/>\nA hord\u00f3: ac\u00e9l: Feket\u00e9re festett ac\u00e9l<br \/>\n\u00cdg\u00e9ret: Wood<br \/>\nS\u00faly: 2,5 kg<\/p>","protected":false},"excerpt":{"rendered":"<p>A Chiappa Firearms M1-22 \u00f6nt\u00f6lt\u0151 puska a legend\u00e1s USGI M1 karab\u00e9ly h\u0171 m\u00e1solata .22LR kaliberben. M\u00e9retei megegyeznek, a fa sz\u00e1r cser\u00e9lhet\u0151 az eredeti M1-essel, a ravaszmechanizmus, a biztos\u00edt\u00e9k \u00e9s az ir\u00e1nyz\u00e9k is az eredetin alapul.<\/p>","protected":false},"featured_media":7860,"template":"","meta":{"_gspb_post_css":""},"product_brand":[],"product_cat":[1986,1821,1987,1820],"product_tag":[],"class_list":{"0":"post-14036","1":"product","2":"type-product","3":"status-publish","4":"has-post-thumbnail","6":"product_cat-chiappa-firearms-gulovnice-zbrane-b-c","7":"product_cat-gulovnice-zbrane-b-c","8":"product_cat-gulovnice-chiappa-firearms","9":"product_cat-zbrane-b-c","11":"first","12":"outofstock","13":"taxable","14":"shipping-taxable","15":"purchasable","16":"product-type-simple"},"ct_brands":[],"_links":{"self":[{"href":"https:\/\/zbranebudai.sk\/hu\/wp-json\/wp\/v2\/product\/14036","targetHints":{"allow":["GET"]}}],"collection":[{"href":"https:\/\/zbranebudai.sk\/hu\/wp-json\/wp\/v2\/product"}],"about":[{"href":"https:\/\/zbranebudai.sk\/hu\/wp-json\/wp\/v2\/types\/product"}],"wp:featuredmedia":[{"embeddable":true,"href":"https:\/\/zbranebudai.sk\/hu\/wp-json\/wp\/v2\/media\/7860"}],"wp:attachment":[{"href":"https:\/\/zbranebudai.sk\/hu\/wp-json\/wp\/v2\/media?parent=14036"}],"wp:term":[{"taxonomy":"product_brand","embeddable":true,"href":"https:\/\/zbranebudai.sk\/hu\/wp-json\/wp\/v2\/product_brand?post=14036"},{"taxonomy":"product_cat","embeddable":true,"href":"https:\/\/zbranebudai.sk\/hu\/wp-json\/wp\/v2\/product_cat?post=14036"},{"taxonomy":"product_tag","embeddable":true,"href":"https:\/\/zbranebudai.sk\/hu\/wp-json\/wp\/v2\/product_tag?post=14036"}],"curies":[{"name":"wp","href":"https:\/\/api.w.org\/{rel}","templated":true}]}}