{"id":14030,"date":"2025-02-17T17:55:59","date_gmt":"2025-02-17T15:55:59","guid":{"rendered":"https:\/\/zbranebudai.sk\/product\/chiappa-little-badger-kal-22lr-16-5-1-2x28\/"},"modified":"2026-04-01T22:29:06","modified_gmt":"2026-04-01T20:29:06","slug":"chiappa-little-badger-kal-22lr-16-5-1-2x28","status":"publish","type":"product","link":"https:\/\/zbranebudai.sk\/hu\/product\/chiappa-little-badger-kal-22lr-16-5-1-2x28\/","title":{"rendered":"Chiappa Little Badger, cal. .22LR, 16.5\u2033 1\/2\u00d728"},"content":{"rendered":"<p>PARAM\u00c9TEREK:<\/p>\n<p>Cs\u0151hossz: 419 mm (16.5 in)<br \/>\nTeljes hossz: 810 mm<br \/>\nKapacit\u00e1s: 1<br \/>\nPicatinny s\u00edn: igen<br \/>\nA hord\u00f3: ac\u00e9l: Feket\u00e9re festett ac\u00e9l<br \/>\nBurkolat: \u00f6nt\u00f6ttvas<br \/>\nS\u00faly: 1,3 kg<\/p>","protected":false},"excerpt":{"rendered":"<p>A Little Badger egy k\u00f6nny\u0171, ultrakompakt, \u00f6sszecsukhat\u00f3 l\u00e9gpisztoly, amelyet \u00fagy terveztek, hogy b\u00e1rhov\u00e1 \u00e9s b\u00e1rmikor mag\u00e1val vihet. A cs\u0151 alak\u00fa sz\u00e1r minim\u00e1lisra cs\u00f6kkenti a s\u00falyt, a h\u00e1tul be\u00e9p\u00edtett tart\u00f3ban pedig tizenk\u00e9t t\u00f6lt\u00e9ny f\u00e9r el, \u00edgy a l\u0151szer mindig k\u00e9zn\u00e9l van.<\/p>","protected":false},"featured_media":7848,"template":"","meta":{"_gspb_post_css":""},"product_brand":[],"product_cat":[1986,1821,1987,1820],"product_tag":[],"class_list":{"0":"post-14030","1":"product","2":"type-product","3":"status-publish","4":"has-post-thumbnail","6":"product_cat-chiappa-firearms-gulovnice-zbrane-b-c","7":"product_cat-gulovnice-zbrane-b-c","8":"product_cat-gulovnice-chiappa-firearms","9":"product_cat-zbrane-b-c","11":"first","12":"instock","13":"taxable","14":"shipping-taxable","15":"purchasable","16":"product-type-simple"},"ct_brands":[],"_links":{"self":[{"href":"https:\/\/zbranebudai.sk\/hu\/wp-json\/wp\/v2\/product\/14030","targetHints":{"allow":["GET"]}}],"collection":[{"href":"https:\/\/zbranebudai.sk\/hu\/wp-json\/wp\/v2\/product"}],"about":[{"href":"https:\/\/zbranebudai.sk\/hu\/wp-json\/wp\/v2\/types\/product"}],"wp:featuredmedia":[{"embeddable":true,"href":"https:\/\/zbranebudai.sk\/hu\/wp-json\/wp\/v2\/media\/7848"}],"wp:attachment":[{"href":"https:\/\/zbranebudai.sk\/hu\/wp-json\/wp\/v2\/media?parent=14030"}],"wp:term":[{"taxonomy":"product_brand","embeddable":true,"href":"https:\/\/zbranebudai.sk\/hu\/wp-json\/wp\/v2\/product_brand?post=14030"},{"taxonomy":"product_cat","embeddable":true,"href":"https:\/\/zbranebudai.sk\/hu\/wp-json\/wp\/v2\/product_cat?post=14030"},{"taxonomy":"product_tag","embeddable":true,"href":"https:\/\/zbranebudai.sk\/hu\/wp-json\/wp\/v2\/product_tag?post=14030"}],"curies":[{"name":"wp","href":"https:\/\/api.w.org\/{rel}","templated":true}]}}