{"id":14029,"date":"2025-02-17T17:55:59","date_gmt":"2025-02-17T15:55:59","guid":{"rendered":"https:\/\/zbranebudai.sk\/product\/chiappa-la322-takedown-deluxe-kal-22lr\/"},"modified":"2026-04-09T01:05:53","modified_gmt":"2026-04-08T23:05:53","slug":"chiappa-la322-takedown-deluxe-cal-22lr","status":"publish","type":"product","link":"https:\/\/zbranebudai.sk\/hu\/product\/chiappa-la322-takedown-deluxe-kal-22lr\/","title":{"rendered":"Chiappa LA322 Takedown Deluxe, cal. .22LR"},"content":{"rendered":"<p>PARAM\u00c9TEREK:<\/p>\n<p>Cs\u0151hossz: 470 mm (18.5 in)<br \/>\nTeljes hossz: 902 mm<br \/>\nA tart\u00e1ly kapacit\u00e1sa: 15\u00a0<br \/>\nPicatinny s\u00edn: nem<br \/>\nA hord\u00f3: ac\u00e9l: Feket\u00e9re festett ac\u00e9l<br \/>\n\u00cdg\u00e9ret: Di\u00f3fa<br \/>\nS\u00faly: 2,5 kg<\/p>","protected":false},"excerpt":{"rendered":"<p>Az LA 322 egy klasszikus amerikai kis kaliber\u0171 karos karab\u00e9ly. Nemcsak vonz\u00f3 kialak\u00edt\u00e1s\u00e1val, hanem funkcionalit\u00e1s\u00e1val is kit\u0171nik. Pontos, k\u00f6nnyen kezelhet\u0151 \u00e9s ide\u00e1lis a gyors t\u00fczel\u00e9shez. A vev\u0151k\u00e9sz\u00fcl\u00e9ken tal\u00e1lhat\u00f3 11 mm-es ( 3\/8\") ny\u00edl\u00e1soknak k\u00f6sz\u00f6nhet\u0151en optikai eszk\u00f6zzel eg\u00e9sz\u00edtheti ki a kisvadak vad\u00e1szat\u00e1hoz vagy a szabadid\u0151s l\u00f6v\u00e9szethez. A pisztoly k\u00e9t r\u00e9szre sz\u00e9tszedhet\u0151 a k\u00f6nny\u0171 sz\u00e1ll\u00edt\u00e1s \u00e9s t\u00e1rol\u00e1s \u00e9rdek\u00e9ben.<\/p>","protected":false},"featured_media":7846,"template":"","meta":{"_gspb_post_css":""},"product_brand":[],"product_cat":[1986,1821,1987,1820],"product_tag":[],"class_list":{"0":"post-14029","1":"product","2":"type-product","3":"status-publish","4":"has-post-thumbnail","6":"product_cat-chiappa-firearms-gulovnice-zbrane-b-c","7":"product_cat-gulovnice-zbrane-b-c","8":"product_cat-gulovnice-chiappa-firearms","9":"product_cat-zbrane-b-c","11":"first","12":"instock","13":"taxable","14":"shipping-taxable","15":"purchasable","16":"product-type-simple"},"ct_brands":[],"_links":{"self":[{"href":"https:\/\/zbranebudai.sk\/hu\/wp-json\/wp\/v2\/product\/14029","targetHints":{"allow":["GET"]}}],"collection":[{"href":"https:\/\/zbranebudai.sk\/hu\/wp-json\/wp\/v2\/product"}],"about":[{"href":"https:\/\/zbranebudai.sk\/hu\/wp-json\/wp\/v2\/types\/product"}],"wp:featuredmedia":[{"embeddable":true,"href":"https:\/\/zbranebudai.sk\/hu\/wp-json\/wp\/v2\/media\/7846"}],"wp:attachment":[{"href":"https:\/\/zbranebudai.sk\/hu\/wp-json\/wp\/v2\/media?parent=14029"}],"wp:term":[{"taxonomy":"product_brand","embeddable":true,"href":"https:\/\/zbranebudai.sk\/hu\/wp-json\/wp\/v2\/product_brand?post=14029"},{"taxonomy":"product_cat","embeddable":true,"href":"https:\/\/zbranebudai.sk\/hu\/wp-json\/wp\/v2\/product_cat?post=14029"},{"taxonomy":"product_tag","embeddable":true,"href":"https:\/\/zbranebudai.sk\/hu\/wp-json\/wp\/v2\/product_tag?post=14029"}],"curies":[{"name":"wp","href":"https:\/\/api.w.org\/{rel}","templated":true}]}}