{"id":14027,"date":"2025-02-17T17:55:59","date_gmt":"2025-02-17T15:55:59","guid":{"rendered":"https:\/\/zbranebudai.sk\/product\/chiappa-saa-1873-22-kal-22lr-475-wooden-grips-340-053\/"},"modified":"2025-07-12T16:18:59","modified_gmt":"2025-07-12T14:18:59","slug":"chiappa-saa-1873-22-cal-22lr-475-fa-markolat-340-053","status":"publish","type":"product","link":"https:\/\/zbranebudai.sk\/hu\/product\/chiappa-saa-1873-22-kal-22lr-475-wooden-grips-340-053\/","title":{"rendered":"Chiappa SAA 1873-22, cal. .22LR, 4,75\u2033, fa markolat (340.053)"},"content":{"rendered":"","protected":false},"excerpt":{"rendered":"<p>Egycs\u00f6v\u0171 revolver cal. .22LR, kapacit\u00e1s 6 t\u00f6lt\u00e9ny, cs\u0151hossz 12 cm (4,75\u2033), fa l\u00f6ved\u00e9k.<\/p>","protected":false},"featured_media":7842,"template":"","meta":{"_gspb_post_css":""},"product_brand":[],"product_cat":[1984,1858,1985,1820],"product_tag":[],"class_list":{"0":"post-14027","1":"product","2":"type-product","3":"status-publish","4":"has-post-thumbnail","6":"product_cat-chiappa-firearms","7":"product_cat-revolvery-zbrane-b-c","8":"product_cat-revolvery-chiappa-firearms","9":"product_cat-zbrane-b-c","11":"first","12":"outofstock","13":"taxable","14":"shipping-taxable","15":"purchasable","16":"product-type-simple"},"ct_brands":[],"_links":{"self":[{"href":"https:\/\/zbranebudai.sk\/hu\/wp-json\/wp\/v2\/product\/14027","targetHints":{"allow":["GET"]}}],"collection":[{"href":"https:\/\/zbranebudai.sk\/hu\/wp-json\/wp\/v2\/product"}],"about":[{"href":"https:\/\/zbranebudai.sk\/hu\/wp-json\/wp\/v2\/types\/product"}],"wp:featuredmedia":[{"embeddable":true,"href":"https:\/\/zbranebudai.sk\/hu\/wp-json\/wp\/v2\/media\/7842"}],"wp:attachment":[{"href":"https:\/\/zbranebudai.sk\/hu\/wp-json\/wp\/v2\/media?parent=14027"}],"wp:term":[{"taxonomy":"product_brand","embeddable":true,"href":"https:\/\/zbranebudai.sk\/hu\/wp-json\/wp\/v2\/product_brand?post=14027"},{"taxonomy":"product_cat","embeddable":true,"href":"https:\/\/zbranebudai.sk\/hu\/wp-json\/wp\/v2\/product_cat?post=14027"},{"taxonomy":"product_tag","embeddable":true,"href":"https:\/\/zbranebudai.sk\/hu\/wp-json\/wp\/v2\/product_tag?post=14027"}],"curies":[{"name":"wp","href":"https:\/\/api.w.org\/{rel}","templated":true}]}}